{"id":17156,"date":"2023-09-10T19:38:03","date_gmt":"2023-09-10T19:38:03","guid":{"rendered":"https:\/\/amd-bl.website\/?product=proizvod-229"},"modified":"2024-08-17T10:26:49","modified_gmt":"2024-08-17T10:26:49","slug":"proizvod-229","status":"publish","type":"product","link":"https:\/\/amd-bl.website\/?product=proizvod-229","title":{"rendered":"24666 CILINDAR ZA BRAVU SIMETRIENI 62MM"},"content":{"rendered":"<p>Ulo\u017eak od mesinga.<\/p>\n<p>Veli\u010dina 62mm &#8211; simetri\u010dna.<\/p>\n<p>Ulo\u017eak se isporu\u010duje sa 6 klju\u010deva.<\/p>\n<p>Sigurnosni klju\u010devi.<\/p>\n","protected":false},"excerpt":{"rendered":"<p>Ulo\u017eak od mesinga. Veli\u010dina 62mm &#8211; simetri\u010dna. Ulo\u017eak se isporu\u010duje sa 6 klju\u010deva. Sigurnosni klju\u010devi.<\/p>\n","protected":false},"featured_media":17821,"comment_status":"open","ping_status":"closed","template":"","meta":{"pagelayer_contact_templates":[],"_pagelayer_content":""},"product_brand":[],"product_cat":[102],"product_tag":[],"class_list":{"0":"post-17156","1":"product","2":"type-product","3":"status-publish","4":"has-post-thumbnail","6":"product_cat-razno","8":"first","9":"instock","10":"shipping-taxable","11":"purchasable","12":"product-type-simple"},"_links":{"self":[{"href":"https:\/\/amd-bl.website\/index.php?rest_route=\/wp\/v2\/product\/17156","targetHints":{"allow":["GET"]}}],"collection":[{"href":"https:\/\/amd-bl.website\/index.php?rest_route=\/wp\/v2\/product"}],"about":[{"href":"https:\/\/amd-bl.website\/index.php?rest_route=\/wp\/v2\/types\/product"}],"replies":[{"embeddable":true,"href":"https:\/\/amd-bl.website\/index.php?rest_route=%2Fwp%2Fv2%2Fcomments&post=17156"}],"wp:featuredmedia":[{"embeddable":true,"href":"https:\/\/amd-bl.website\/index.php?rest_route=\/wp\/v2\/media\/17821"}],"wp:attachment":[{"href":"https:\/\/amd-bl.website\/index.php?rest_route=%2Fwp%2Fv2%2Fmedia&parent=17156"}],"wp:term":[{"taxonomy":"product_brand","embeddable":true,"href":"https:\/\/amd-bl.website\/index.php?rest_route=%2Fwp%2Fv2%2Fproduct_brand&post=17156"},{"taxonomy":"product_cat","embeddable":true,"href":"https:\/\/amd-bl.website\/index.php?rest_route=%2Fwp%2Fv2%2Fproduct_cat&post=17156"},{"taxonomy":"product_tag","embeddable":true,"href":"https:\/\/amd-bl.website\/index.php?rest_route=%2Fwp%2Fv2%2Fproduct_tag&post=17156"}],"curies":[{"name":"wp","href":"https:\/\/api.w.org\/{rel}","templated":true}]}}