{"id":17146,"date":"2023-09-10T19:37:59","date_gmt":"2023-09-10T19:37:59","guid":{"rendered":"https:\/\/amd-bl.website\/?product=proizvod-219"},"modified":"2025-11-11T13:18:31","modified_gmt":"2025-11-11T13:18:31","slug":"proizvod-219","status":"publish","type":"product","link":"https:\/\/amd-bl.website\/?product=proizvod-219","title":{"rendered":"TS25 Univerzalna traka 48\/25"},"content":{"rendered":"<p>DUCT SILVER traka 48mm (\u0161irina) x25m (du\u017eina)<br \/>\nOpis:<br \/>\nDUCT SILVER traka 48mm x 25m od XL-TOOLS je pouzdan proizvod dizajniran za brze i efikasne popravke. Zahvaljuju\u0107i oja\u010danju tkaninom i visokoj otpornosti na vremenske uslove, idealan je za razli\u010dite primjene, kako u zatvorenom tako i na otvorenom. Traka je vodootporna i radi u \u0161irokom temperaturnom rasponu od -10\u00b0C do +75\u00b0C, \u0161to je \u010dini univerzalnim alatom za upotrebu u razli\u010ditim okru\u017eenjima.<\/p>\n<p>Karakteristike:<br \/>\n&#8211; Oja\u010dana tkaninom za dodatnu \u010dvrsto\u0107u<br \/>\n&#8211; Vodootporan i otporan na starenje<br \/>\n&#8211; Odli\u010dno prianjanje na sve vrste povr\u0161ina<br \/>\n&#8211; Lako se lome rukama, bez alata<br \/>\n&#8211; Otpornost na vremenske uslove<\/p>\n<p>Parametri:<br \/>\n\u0160ifra proizvoda: TS25<br \/>\nDimenzije: \u0161irina 48 mm, du\u017eina 25 m<br \/>\nMarka : XL-TOOLS<br \/>\nProizvo\u0111a\u010d: XL-TOOLS Poljska<br \/>\nTe\u017eina: 0,149 kg<br \/>\nJedinica mjere: kom<br \/>\nBar kod EAN13: 5907630135261<\/p>\n<p>Primjena:<br \/>\nDUCT SILVER traka iz XL-TOOLS idealna je za DIY entuzijaste i profesionalce za \u0161irok spektar primjena kao \u0161to su popravke, osiguranje predmeta, zaptivanje i spajanje \u017eica. Mo\u017ee se koristiti za ja\u010danje konstrukcija i ozna\u010davanje objekata. Njegova svestranost i jednostavnost upotrebe \u010dine ga nezamjenjivim u svakoj situaciji koja zahtijeva brzu i pouzdanu popravku.<\/p>\n","protected":false},"excerpt":{"rendered":"<p>DUCT SILVER traka 48mm (\u0161irina) x25m (du\u017eina) Opis: DUCT SILVER traka 48mm x 25m od XL-TOOLS je pouzdan proizvod dizajniran za brze i efikasne popravke. Zahvaljuju\u0107i oja\u010danju tkaninom i visokoj otpornosti na vremenske uslove, idealan je za razli\u010dite primjene, kako u zatvorenom tako i na otvorenom. Traka je vodootporna i radi u \u0161irokom temperaturnom rasponu [&hellip;]<\/p>\n","protected":false},"featured_media":18872,"comment_status":"open","ping_status":"closed","template":"","meta":{"pagelayer_contact_templates":[],"_pagelayer_content":""},"product_brand":[],"product_cat":[157,102],"product_tag":[],"class_list":{"0":"post-17146","1":"product","2":"type-product","3":"status-publish","4":"has-post-thumbnail","6":"product_cat-roba-na-akciji","7":"product_cat-razno","9":"first","10":"instock","11":"sale","12":"shipping-taxable","13":"purchasable","14":"product-type-simple"},"_links":{"self":[{"href":"https:\/\/amd-bl.website\/index.php?rest_route=\/wp\/v2\/product\/17146","targetHints":{"allow":["GET"]}}],"collection":[{"href":"https:\/\/amd-bl.website\/index.php?rest_route=\/wp\/v2\/product"}],"about":[{"href":"https:\/\/amd-bl.website\/index.php?rest_route=\/wp\/v2\/types\/product"}],"replies":[{"embeddable":true,"href":"https:\/\/amd-bl.website\/index.php?rest_route=%2Fwp%2Fv2%2Fcomments&post=17146"}],"wp:featuredmedia":[{"embeddable":true,"href":"https:\/\/amd-bl.website\/index.php?rest_route=\/wp\/v2\/media\/18872"}],"wp:attachment":[{"href":"https:\/\/amd-bl.website\/index.php?rest_route=%2Fwp%2Fv2%2Fmedia&parent=17146"}],"wp:term":[{"taxonomy":"product_brand","embeddable":true,"href":"https:\/\/amd-bl.website\/index.php?rest_route=%2Fwp%2Fv2%2Fproduct_brand&post=17146"},{"taxonomy":"product_cat","embeddable":true,"href":"https:\/\/amd-bl.website\/index.php?rest_route=%2Fwp%2Fv2%2Fproduct_cat&post=17146"},{"taxonomy":"product_tag","embeddable":true,"href":"https:\/\/amd-bl.website\/index.php?rest_route=%2Fwp%2Fv2%2Fproduct_tag&post=17146"}],"curies":[{"name":"wp","href":"https:\/\/api.w.org\/{rel}","templated":true}]}}