{"id":17144,"date":"2023-09-10T19:37:59","date_gmt":"2023-09-10T19:37:59","guid":{"rendered":"https:\/\/amd-bl.website\/?product=proizvod-217"},"modified":"2025-11-11T13:17:11","modified_gmt":"2025-11-11T13:17:11","slug":"proizvod-217","status":"publish","type":"product","link":"https:\/\/amd-bl.website\/?product=proizvod-217","title":{"rendered":"LDW92 Lopata"},"content":{"rendered":"<p>Uska lopata za ugalj od pocin\u010danog lima<br \/>\nOpis:<br \/>\nXL-TOOLS metalna lopata za ugalj je nezamjenjiv alat u svakom doma\u0107instvu, posebno gdje se koriste pe\u0107i na ugalj ili eko-gra\u0161ak. Zahvaljuju\u0107i \u010dvrstoj konstrukciji od pocin\u010danog \u010delika, izdr\u017eljiv je i otporan na koroziju. Lopata je savr\u0161ena za dodavanje uglja i uklanjanje pepela, \u0161to je \u010dini osnovnim dijelom opreme za pe\u0107i na ugalj. Uzak profil o\u0161trice olak\u0161ava manevrisanje, a optimalna du\u017eina omogu\u0107ava udobnu upotrebu.<\/p>\n<p>Karakteristike:<br \/>\n&#8211; Izra\u0111en od pocin\u010danog \u010delika, koji osigurava otpornost na koroziju.<br \/>\n&#8211; Uzak profil, idealan za precizno doziranje uglja.<br \/>\n&#8211; Izdr\u017eljiva konstrukcija za dugotrajnu upotrebu.<br \/>\n&#8211; Ergonomska du\u017eina za jednostavno rukovanje i skladi\u0161tenje.<\/p>\n<p>Parametri:<br \/>\n&#8211; \u0160ifra proizvoda: LDW92<br \/>\n&#8211; Ukupna du\u017eina: 36 cm<br \/>\n&#8211; Dimenzije o\u0161trice: 20 x 10 cm<br \/>\n&#8211; Marka: XL-TOOLS<br \/>\n&#8211; Proizvo\u0111a\u010d: XL-TOOLS Poljska<br \/>\n&#8211; Te\u017eina: 0,215 kg<br \/>\n&#8211; Jedinica mjere: kom<br \/>\n&#8211; EAN13 Bar kod : 5903347009635<\/p>\n<p>Primjena:<br \/>\nXL-TOOLS lopata za ugalj je savr\u0161ena za aplikacije vezane za rad pe\u0107i na ugalj. Olak\u0161ava dodavanje uglja i eko-gra\u0161ka uglja i efikasno poma\u017ee u uklanjanju pepela. Zahvaljuju\u0107i njemu, rad na pe\u0107i postaje efikasniji i manje optere\u0107uju\u0107i. Savr\u0161en je za ku\u0107nu i industrijsku okolinu gdje je potrebna izdr\u017eljivost i pouzdanost alata.<\/p>\n","protected":false},"excerpt":{"rendered":"<p>Uska lopata za ugalj od pocin\u010danog lima Opis: XL-TOOLS metalna lopata za ugalj je nezamjenjiv alat u svakom doma\u0107instvu, posebno gdje se koriste pe\u0107i na ugalj ili eko-gra\u0161ak. Zahvaljuju\u0107i \u010dvrstoj konstrukciji od pocin\u010danog \u010delika, izdr\u017eljiv je i otporan na koroziju. Lopata je savr\u0161ena za dodavanje uglja i uklanjanje pepela, \u0161to je \u010dini osnovnim dijelom opreme [&hellip;]<\/p>\n","protected":false},"featured_media":18874,"comment_status":"open","ping_status":"closed","template":"","meta":{"pagelayer_contact_templates":[],"_pagelayer_content":""},"product_brand":[],"product_cat":[157,102],"product_tag":[],"class_list":{"0":"post-17144","1":"product","2":"type-product","3":"status-publish","4":"has-post-thumbnail","6":"product_cat-roba-na-akciji","7":"product_cat-razno","9":"first","10":"instock","11":"sale","12":"shipping-taxable","13":"purchasable","14":"product-type-simple"},"_links":{"self":[{"href":"https:\/\/amd-bl.website\/index.php?rest_route=\/wp\/v2\/product\/17144","targetHints":{"allow":["GET"]}}],"collection":[{"href":"https:\/\/amd-bl.website\/index.php?rest_route=\/wp\/v2\/product"}],"about":[{"href":"https:\/\/amd-bl.website\/index.php?rest_route=\/wp\/v2\/types\/product"}],"replies":[{"embeddable":true,"href":"https:\/\/amd-bl.website\/index.php?rest_route=%2Fwp%2Fv2%2Fcomments&post=17144"}],"wp:featuredmedia":[{"embeddable":true,"href":"https:\/\/amd-bl.website\/index.php?rest_route=\/wp\/v2\/media\/18874"}],"wp:attachment":[{"href":"https:\/\/amd-bl.website\/index.php?rest_route=%2Fwp%2Fv2%2Fmedia&parent=17144"}],"wp:term":[{"taxonomy":"product_brand","embeddable":true,"href":"https:\/\/amd-bl.website\/index.php?rest_route=%2Fwp%2Fv2%2Fproduct_brand&post=17144"},{"taxonomy":"product_cat","embeddable":true,"href":"https:\/\/amd-bl.website\/index.php?rest_route=%2Fwp%2Fv2%2Fproduct_cat&post=17144"},{"taxonomy":"product_tag","embeddable":true,"href":"https:\/\/amd-bl.website\/index.php?rest_route=%2Fwp%2Fv2%2Fproduct_tag&post=17144"}],"curies":[{"name":"wp","href":"https:\/\/api.w.org\/{rel}","templated":true}]}}