{"id":17143,"date":"2023-09-10T19:37:58","date_gmt":"2023-09-10T19:37:58","guid":{"rendered":"https:\/\/amd-bl.website\/?product=proizvod-216"},"modified":"2024-11-18T14:03:27","modified_gmt":"2024-11-18T14:03:27","slug":"proizvod-216","status":"publish","type":"product","link":"https:\/\/amd-bl.website\/?product=proizvod-216","title":{"rendered":"FPP10 Maska za za\u0161titu"},"content":{"rendered":"<h3>FFP1 maske za pra\u0161inu bez ventila<\/h3>\n<p>Opis:<br \/>\nFFP1 maske za pra\u0161inu iz XL-TOOLS dizajnirane su za za\u0161titu respiratornog trakta od pra\u0161ine i \u010dvrstih \u010destica.\u00a0Zadr\u017eavaju najmanje 80% \u010destica pre\u010dnika ve\u0107eg od 0,3 \u00b5m.\u00a0Proizvod nema ventil za izdisanje i uskla\u0111en je sa EN:149:2001 +A1:2009 standardom, \u0161to je potvr\u0111eno njegovim CE certifikatom.\u00a0Predstavljene maske su namijenjene za jednokratnu upotrebu i upakovane su u pakovanja od 20 komada.<\/p>\n<p>Karakteristike:<br \/>\n&#8211; FFP1 maska \u200b\u200bza pra\u0161inu bez ventila<br \/>\n&#8211; Filtrira najmanje 80% \u010destica pre\u010dnika ve\u0107eg od 0,3 \u00b5m<br \/>\n&#8211; Uskla\u0111enost sa EN:149:2001 +A1:2009 standardom<br \/>\n&#8211; CE sertifikat<br \/>\n&#8211; Pakovanje sadr\u017ei 20 komada<\/p>\n<p>Parametri:<br \/>\n&#8211; \u0160ifra proizvoda : FPP10<br \/>\n&#8211; Marka proizvoda: XL-TOOLS<br \/>\n&#8211; Te\u017eina: 0,011 kg<br \/>\n&#8211; Jedinica mjere: kom<br \/>\n&#8211; EAN13 Bar kod: 5907630122810<\/p>\n<p>Primjena:<br \/>\nFFP1 maske za pra\u0161inu su idealne za kori\u0161tenje u radnim okru\u017eenjima gdje postoji rizik od izlaganja pra\u0161ini i \u010desticama.\u00a0Koriste se u industriji, gra\u0111evinarstvu i renoviranju, gdje je potrebna za\u0161tita respiratornih organa od zaga\u0111enja.<\/p>\n<p>Upute za upotrebu:<br \/>\n1. Prije upotrebe provjerite je li maska \u200b\u200bneo\u0161te\u0107ena i \u010dista.<br \/>\n2. Rasklopite masku i stavite je na lice tako da vam pokriva nos i usta.<br \/>\n3. Podesite elasti\u010dne trake oko glave tako da maska \u200b\u200bpristaje \u010dvrsto, ali udobno.<br \/>\n4. Po potrebi prilagodite oblik nosa kako biste pove\u0107ali zategnutost i udobnost no\u0161enja.<br \/>\n5. Nakon upotrebe skinite masku, izbjegavaju\u0107i dodirivanje prednjeg dijela kako ne biste kontaminirali ruke.<br \/>\n6. Kori\u0161tene maske treba odlo\u017eiti na odgovaraju\u0107i na\u010din u skladu s lokalnim propisima o otpadu.<\/p>\n","protected":false},"excerpt":{"rendered":"<p>FFP1 maske za pra\u0161inu bez ventila Opis: FFP1 maske za pra\u0161inu iz XL-TOOLS dizajnirane su za za\u0161titu respiratornog trakta od pra\u0161ine i \u010dvrstih \u010destica.\u00a0Zadr\u017eavaju najmanje 80% \u010destica pre\u010dnika ve\u0107eg od 0,3 \u00b5m.\u00a0Proizvod nema ventil za izdisanje i uskla\u0111en je sa EN:149:2001 +A1:2009 standardom, \u0161to je potvr\u0111eno njegovim CE certifikatom.\u00a0Predstavljene maske su namijenjene za jednokratnu upotrebu [&hellip;]<\/p>\n","protected":false},"featured_media":17603,"comment_status":"closed","ping_status":"closed","template":"","meta":{"pagelayer_contact_templates":[],"_pagelayer_content":""},"product_brand":[],"product_cat":[157],"product_tag":[],"class_list":{"0":"post-17143","1":"product","2":"type-product","3":"status-publish","4":"has-post-thumbnail","6":"product_cat-roba-na-akciji","8":"first","9":"instock","10":"sale","11":"shipping-taxable","12":"purchasable","13":"product-type-simple"},"_links":{"self":[{"href":"https:\/\/amd-bl.website\/index.php?rest_route=\/wp\/v2\/product\/17143","targetHints":{"allow":["GET"]}}],"collection":[{"href":"https:\/\/amd-bl.website\/index.php?rest_route=\/wp\/v2\/product"}],"about":[{"href":"https:\/\/amd-bl.website\/index.php?rest_route=\/wp\/v2\/types\/product"}],"replies":[{"embeddable":true,"href":"https:\/\/amd-bl.website\/index.php?rest_route=%2Fwp%2Fv2%2Fcomments&post=17143"}],"wp:featuredmedia":[{"embeddable":true,"href":"https:\/\/amd-bl.website\/index.php?rest_route=\/wp\/v2\/media\/17603"}],"wp:attachment":[{"href":"https:\/\/amd-bl.website\/index.php?rest_route=%2Fwp%2Fv2%2Fmedia&parent=17143"}],"wp:term":[{"taxonomy":"product_brand","embeddable":true,"href":"https:\/\/amd-bl.website\/index.php?rest_route=%2Fwp%2Fv2%2Fproduct_brand&post=17143"},{"taxonomy":"product_cat","embeddable":true,"href":"https:\/\/amd-bl.website\/index.php?rest_route=%2Fwp%2Fv2%2Fproduct_cat&post=17143"},{"taxonomy":"product_tag","embeddable":true,"href":"https:\/\/amd-bl.website\/index.php?rest_route=%2Fwp%2Fv2%2Fproduct_tag&post=17143"}],"curies":[{"name":"wp","href":"https:\/\/api.w.org\/{rel}","templated":true}]}}