{"id":17106,"date":"2023-09-10T19:37:42","date_gmt":"2023-09-10T19:37:42","guid":{"rendered":"https:\/\/amd-bl.website\/?product=proizvod-179"},"modified":"2026-03-23T12:38:44","modified_gmt":"2026-03-23T12:38:44","slug":"proizvod-179","status":"publish","type":"product","link":"https:\/\/amd-bl.website\/?product=proizvod-179","title":{"rendered":"54049 set alata sa gedorama 94kom"},"content":{"rendered":"<pre><span dir=\"auto\">Set sadr\u017ei: Hromirane \u0161estougaone nastavke od 1\/2\": 11, 12, 13, 14, 15, 16, 17, 18, 19, 20, 21, 22, 23, 24, 27mm, 30mm, 32mm. \r\nDuboke (75mm) \u0161estougaone nastavke od 1\/2\": 14mm, 15mm, 17mm, 19mm. Nastavke za svje\u0107ice: 16mm i 21mm. \r\nHromirane \u0161estougaone nastavke od 1\/4\": 4, 4.5, 5, 5.5, 6, 7, 8, 9, 10, 11, 12, 13, 14mm . uboke (50mm) \r\n\u0161estougaone nastavke od 1\/4\": 6, 7, 8, 9, 10, 11mm, 12mm, 13mm. Nastavci za odvija\u010d: \u00b7 Phillips (PH): 1, 2 \u00b7 \r\nDupli Phillips (PZ): 1, 2 \u00b7 Prorezni (SL): 4mm, 5.5mm, 7mm \u00b7 \u0160esterokutni: 3mm, 4mm, 5mm, 6mm \u00b7 \r\nTorx (TX): T8, T10, T15, T20, T25, T30 8mm imbus nastavci: \u00b7 \u0160esterokutni: 8mm, 10mm, 12mm, 14mm \u00b7 \r\nProrezni (SL): 8mm, 10mm, 12mm \u00b7 Phillips (PH): 3, 4 \u00b7 Dupli Phillips (PZ): 3, 4 \u00b7 Torx (TX): T40, T45, T50, T55 \u00b7 1\/2\" \r\nadapter za nasadni klju\u010d \u010cegrtaljke: \u00b7 1\/2\" 255mm, 72 zuba 1\/4\" 145mm, 72 zuba \r\nProdu\u017ene \u0161ipke: \u00b7 1\/2\": 125 mm, 250 mm \u00b7 1\/4\": 50 mm, 100 mm \r\nFleksibilna \u0161ipka: 1\/4\" 135 mm Univerzalni zglobovi: 1\/2\", 1\/4\" Adapteri: \u00b7 3\/8\" \u017eenski na 1\/2\" mu\u0161ki \u00b7 1\/2\" x 8 mm \r\n\u0160esterokutne \u010dahure i ru\u010dke: \u00b7 1\/4\" hromirana klizna ru\u010dka (T) \u00b7 1\/4\" hromirana ru\u010dka odvija\u010da Imbus klju\u010devi: 1,5 mm, 2 mm, 2,5 mm\r\n<\/span><\/pre>\n","protected":false},"excerpt":{"rendered":"<p>&nbsp;<\/p>\n<pre><span dir=\"auto\"><strong>EAN:<\/strong>\u00a08435034540499 <b> \r\n<\/b>Komada:\u00a094 Kvadrat: Veli\u010dina\u00a01\/4\", 1\/2\"\u00a0\u0160esterokutni \r\nprofil:\u00a0Hromirana zavr\u0161na obrada\u00a0Materijal\u00a0\u010celik S2\u00a0Te\u017eina\u00a06,50 kg\u00a0\r\nDimenzije (Dx\u0160xV)\u00a0400x310x90 mm\r\n\r\n<\/span><\/pre>\n","protected":false},"featured_media":18843,"comment_status":"open","ping_status":"closed","template":"","meta":{"pagelayer_contact_templates":[],"_pagelayer_content":""},"product_brand":[178],"product_cat":[159,177,180],"product_tag":[],"class_list":{"0":"post-17106","1":"product","2":"type-product","3":"status-publish","4":"has-post-thumbnail","6":"product_brand-jbm-tools","7":"product_cat-mehanicarski-alati","8":"product_cat-2_jbm-tools","9":"product_cat-rucni-alat","11":"first","12":"instock","13":"shipping-taxable","14":"product-type-simple"},"_links":{"self":[{"href":"https:\/\/amd-bl.website\/index.php?rest_route=\/wp\/v2\/product\/17106","targetHints":{"allow":["GET"]}}],"collection":[{"href":"https:\/\/amd-bl.website\/index.php?rest_route=\/wp\/v2\/product"}],"about":[{"href":"https:\/\/amd-bl.website\/index.php?rest_route=\/wp\/v2\/types\/product"}],"replies":[{"embeddable":true,"href":"https:\/\/amd-bl.website\/index.php?rest_route=%2Fwp%2Fv2%2Fcomments&post=17106"}],"wp:featuredmedia":[{"embeddable":true,"href":"https:\/\/amd-bl.website\/index.php?rest_route=\/wp\/v2\/media\/18843"}],"wp:attachment":[{"href":"https:\/\/amd-bl.website\/index.php?rest_route=%2Fwp%2Fv2%2Fmedia&parent=17106"}],"wp:term":[{"taxonomy":"product_brand","embeddable":true,"href":"https:\/\/amd-bl.website\/index.php?rest_route=%2Fwp%2Fv2%2Fproduct_brand&post=17106"},{"taxonomy":"product_cat","embeddable":true,"href":"https:\/\/amd-bl.website\/index.php?rest_route=%2Fwp%2Fv2%2Fproduct_cat&post=17106"},{"taxonomy":"product_tag","embeddable":true,"href":"https:\/\/amd-bl.website\/index.php?rest_route=%2Fwp%2Fv2%2Fproduct_tag&post=17106"}],"curies":[{"name":"wp","href":"https:\/\/api.w.org\/{rel}","templated":true}]}}