{"id":17105,"date":"2023-09-10T19:37:42","date_gmt":"2023-09-10T19:37:42","guid":{"rendered":"https:\/\/amd-bl.website\/?product=proizvod-178"},"modified":"2026-03-23T12:38:59","modified_gmt":"2026-03-23T12:38:59","slug":"proizvod-178","status":"publish","type":"product","link":"https:\/\/amd-bl.website\/?product=proizvod-178","title":{"rendered":"54047 SET ALATA SA GEODRAMA 113kom"},"content":{"rendered":"<pre>OVA SET ALATA SADR\u017dI:\r\n\r\nALAT 1\/2\"\r\n- x17 metri\u010dke nasadke sa dvanaest ta\u010daka: 10, 11, 12, 13, 14, 15, 16, 17, 18, 19, 20, 21, 22, 23, 27 mm\r\n- x5 dugih metri\u010dkih uti\u010dnica sa dvanaest ivica: 14, 15, 17, 19 i 22 mm\r\n- x8 torx nastavci: E10, E11, E12, E14, E16, E18, E20 i E24\r\n- x1 \u010degrtaljka sa 72 zupca sa izbaciva\u010dem uti\u010dnice\r\n- x2 produ\u017ene \u0161ipke od 125 i\r\nx 1 u5ni mm\r\n- x1 adapter 3\/8\" \u017eenski - 1\/2\" mu\u0161ki\r\n- x2 uti\u010dnice za svje\u0107ice: 16 i 21 mm\r\n- x1 adapter za glavu (8mm)\r\n\r\nx22 glave (8x30mm) :\r\n- zvijezda: PH3, PH4\r\n- dvostruka zvijezda: PZ3, PZ4\r\n- imbus: H7, H8, H10, H12, H14\r\n- ravna : SL8, SL10, SL12\r\n- Torx: T40, T45, T50, T55, T60\r\n- 12 ivica: M5, M6, M8, M10, M12\r\n\r\n1\/4\" ALATI\r\n- x13 dvanaest ivica metri\u010dkih uti\u010dnica: 4, 4,5, 5, 5,5, 6, 7, 8, 9, 10, 11, 12, 13 i 14 mm\r\n- x8 dugih metri\u010dkih uti\u010dnica sa dvanaest ivica: 6, 7, 8, 9, 10, 11, 12, 13 mm\r\n- x5 torx uti\u010dnice: E4, E5, E6, E7 i E8\r\n- x1 \u010degrtaljka sa 72 zuba sa izbaciva\u010dem uti\u010dnice\r\n- x2 produ\u017ene \u0161ipke: 50 i 100 mm\r\n- x1 univerzalni zglob\r\n- x1 klizna ru\u010dka\r\n- x1 ru\u010dka odvija\u010da\r\n- x3 imbus klju\u010da: 1,5, 2, 2,5 mm\r\n\r\nx18 glava za ru\u010dku odvija\u010da:\r\n- Zvijezda: PH1, PH2\r\n- Dvostruka zvijezda: PZ1, PZ2\r\n- Ibus: H3, H4, H5, H6\r\n- Ravna: SL4, SL5.5, SL6.5\r\n- Torx: T8, T10, T15 , T20, T25, T27, T30<\/pre>\n","protected":false},"excerpt":{"rendered":"<pre><strong><span dir=\"auto\">EAN:<\/span><\/strong><span dir=\"auto\">\u00a08435034540475<\/span>\r\n\r\n<b><span dir=\"auto\">Komada<\/span><\/b><span dir=\"auto\">\u00a0113<\/span>\r\n<b><span dir=\"auto\">Veli\u010dina kvadrata<\/span><\/b><span dir=\"auto\">\u00a01\/4\", 1\/2\"<\/span>\r\n<b><span dir=\"auto\">Profil<\/span><\/b><span dir=\"auto\">\u00a012 Ivice\/Strane<\/span>\r\n<b><span dir=\"auto\">Hromirana<\/span><\/b><span dir=\"auto\">\u00a0zavr\u0161na obrada<\/span>\r\n<b><span dir=\"auto\">Materijal<\/span><\/b><span dir=\"auto\">\u00a0\u010celik S2<\/span>\r\n<b><span dir=\"auto\">Te\u017eina<\/span><\/b><span dir=\"auto\">\u00a07,10 kg<\/span>\r\n<b><span dir=\"auto\">Dimenzije (Dx\u0160xV)<\/span><\/b><span dir=\"auto\">\u00a0400x310x90 mm<\/span><\/pre>\n","protected":false},"featured_media":18877,"comment_status":"open","ping_status":"closed","template":"","meta":{"pagelayer_contact_templates":[],"_pagelayer_content":""},"product_brand":[178],"product_cat":[159,177,180],"product_tag":[],"class_list":{"0":"post-17105","1":"product","2":"type-product","3":"status-publish","4":"has-post-thumbnail","6":"product_brand-jbm-tools","7":"product_cat-mehanicarski-alati","8":"product_cat-2_jbm-tools","9":"product_cat-rucni-alat","11":"first","12":"instock","13":"shipping-taxable","14":"product-type-simple"},"_links":{"self":[{"href":"https:\/\/amd-bl.website\/index.php?rest_route=\/wp\/v2\/product\/17105","targetHints":{"allow":["GET"]}}],"collection":[{"href":"https:\/\/amd-bl.website\/index.php?rest_route=\/wp\/v2\/product"}],"about":[{"href":"https:\/\/amd-bl.website\/index.php?rest_route=\/wp\/v2\/types\/product"}],"replies":[{"embeddable":true,"href":"https:\/\/amd-bl.website\/index.php?rest_route=%2Fwp%2Fv2%2Fcomments&post=17105"}],"wp:featuredmedia":[{"embeddable":true,"href":"https:\/\/amd-bl.website\/index.php?rest_route=\/wp\/v2\/media\/18877"}],"wp:attachment":[{"href":"https:\/\/amd-bl.website\/index.php?rest_route=%2Fwp%2Fv2%2Fmedia&parent=17105"}],"wp:term":[{"taxonomy":"product_brand","embeddable":true,"href":"https:\/\/amd-bl.website\/index.php?rest_route=%2Fwp%2Fv2%2Fproduct_brand&post=17105"},{"taxonomy":"product_cat","embeddable":true,"href":"https:\/\/amd-bl.website\/index.php?rest_route=%2Fwp%2Fv2%2Fproduct_cat&post=17105"},{"taxonomy":"product_tag","embeddable":true,"href":"https:\/\/amd-bl.website\/index.php?rest_route=%2Fwp%2Fv2%2Fproduct_tag&post=17105"}],"curies":[{"name":"wp","href":"https:\/\/api.w.org\/{rel}","templated":true}]}}