{"id":17103,"date":"2023-09-10T19:37:41","date_gmt":"2023-09-10T19:37:41","guid":{"rendered":"https:\/\/amd-bl.website\/?product=proizvod-176"},"modified":"2026-03-12T14:42:53","modified_gmt":"2026-03-12T14:42:53","slug":"proizvod-176","status":"publish","type":"product","link":"https:\/\/amd-bl.website\/?product=proizvod-176","title":{"rendered":"54123 LED LAMPA 500LM"},"content":{"rendered":"<p>Ru\u010dna magnetna lampa za radionicu od 500Lm.<br \/>\nDvostruka kuka.<br \/>\nMagnetna zglobna baza.<br \/>\nMagnetna pole\u0111ina u 2 ta\u010dke.<br \/>\n2 na\u010dina rada svjetla: COB svjetlo na prednjoj strani, LED svjetlo na vrhu.<\/p>\n<p>Specifikacije:<br \/>\n500Lm<br \/>\n1x5W COB<br \/>\n1x3W2525LED<br \/>\nLitijumske baterije: 3.7V\/4000mA<br \/>\nVrijeme punjenja: 6-7 sati<br \/>\nRadno vrijeme: Glavno svjetlo (3 sata), gornje svjetlo (14 sati)<br \/>\nTemperatura boje: 6500K\u00b1400K<br \/>\nIndeks boja 68 (IRC): -71<br \/>\nIP: 44<\/p>\n","protected":false},"excerpt":{"rendered":"<p>Ru\u010dna magnetna lampa za radionicu od 500Lm. Dvostruka kuka. Magnetna zglobna baza. Magnetna pole\u0111ina u 2 ta\u010dke. 2 na\u010dina rada svjetla: COB svjetlo na prednjoj strani, LED svjetlo na vrhu. Specifikacije: 500Lm 1x5W COB 1x3W2525LED Litijumske baterije: 3.7V\/4000mA Vrijeme punjenja: 6-7 sati Radno vrijeme: Glavno svjetlo (3 sata), gornje svjetlo (14 sati) Temperatura boje: 6500K\u00b1400K [&hellip;]<\/p>\n","protected":false},"featured_media":18882,"comment_status":"open","ping_status":"closed","template":"","meta":{"pagelayer_contact_templates":[],"_pagelayer_content":""},"product_brand":[178],"product_cat":[177],"product_tag":[],"class_list":{"0":"post-17103","1":"product","2":"type-product","3":"status-publish","4":"has-post-thumbnail","6":"product_brand-jbm-tools","7":"product_cat-2_jbm-tools","9":"first","10":"instock","11":"shipping-taxable","12":"product-type-simple"},"_links":{"self":[{"href":"https:\/\/amd-bl.website\/index.php?rest_route=\/wp\/v2\/product\/17103","targetHints":{"allow":["GET"]}}],"collection":[{"href":"https:\/\/amd-bl.website\/index.php?rest_route=\/wp\/v2\/product"}],"about":[{"href":"https:\/\/amd-bl.website\/index.php?rest_route=\/wp\/v2\/types\/product"}],"replies":[{"embeddable":true,"href":"https:\/\/amd-bl.website\/index.php?rest_route=%2Fwp%2Fv2%2Fcomments&post=17103"}],"wp:featuredmedia":[{"embeddable":true,"href":"https:\/\/amd-bl.website\/index.php?rest_route=\/wp\/v2\/media\/18882"}],"wp:attachment":[{"href":"https:\/\/amd-bl.website\/index.php?rest_route=%2Fwp%2Fv2%2Fmedia&parent=17103"}],"wp:term":[{"taxonomy":"product_brand","embeddable":true,"href":"https:\/\/amd-bl.website\/index.php?rest_route=%2Fwp%2Fv2%2Fproduct_brand&post=17103"},{"taxonomy":"product_cat","embeddable":true,"href":"https:\/\/amd-bl.website\/index.php?rest_route=%2Fwp%2Fv2%2Fproduct_cat&post=17103"},{"taxonomy":"product_tag","embeddable":true,"href":"https:\/\/amd-bl.website\/index.php?rest_route=%2Fwp%2Fv2%2Fproduct_tag&post=17103"}],"curies":[{"name":"wp","href":"https:\/\/api.w.org\/{rel}","templated":true}]}}