{"id":17079,"date":"2023-09-10T19:37:29","date_gmt":"2023-09-10T19:37:29","guid":{"rendered":"https:\/\/amd-bl.website\/?product=proizvod-152"},"modified":"2025-11-11T12:53:36","modified_gmt":"2025-11-11T12:53:36","slug":"proizvod-152","status":"publish","type":"product","link":"https:\/\/amd-bl.website\/?product=proizvod-152","title":{"rendered":"TAC300 PVC \u0160ELNE 3 8X300 (100kom)"},"content":{"rendered":"<div id=\"kontrolka-90\" class=\"kontrolka-PoleProduktu col-12  \" data-kid=\"90\">\n<div class=\"pole-opis-wartosc\">\n<h3><span>Vezica TT XL crna 300&#215;3,6 &#8211; 100 kom<\/span><\/h3>\n<p><span class=\"wartosc\"><span>Opis:<\/span><br \/>\n<span>TT XL vezice su alat za organizovanje raznih vrsta \u017eica i kablova.\u00a0Njihov dizajn omogu\u0107ava brzo i nesmetano stvaranje \u010dvrstih snopova, bez potrebe za kori\u0161tenjem dodatnih alata.\u00a0Gusti zupci smje\u0161teni du\u017e cijele du\u017eine trake omogu\u0107avaju precizno pode\u0161avanje petlje na potrebnu veli\u010dinu.\u00a0Napravljene od najlona, \u200b\u200bove trake su fleksibilne i otporne na kidanje.\u00a0Nazubljeni profil, nakon \u0161to se stegne u glavu, ostaje trajno klin, osiguravaju\u0107i pouzdanu vezu.<\/span><\/p>\n<p><span>Karakteristike:<\/span><br \/>\n<span>&#8211; Jednostavna za ugradnju<\/span><br \/>\n<span>&#8211; Visoka otpornost na kidanje<\/span><br \/>\n<span>&#8211; Gusti zupci du\u017e cijele du\u017eine za precizno pristajanje<\/span><br \/>\n<span>&#8211; Najlonska konstrukcija za fleksibilnost<\/span><\/p>\n<p><span>Parametri:<\/span><br \/>\n<span>\u0160ifra proizvoda: TAC300<\/span><br \/>\n<span>Ukupna du\u017eina: 300mm<\/span><br \/>\n<span>\u0160irina: 3.6mm<\/span><br \/>\n<span>Koli\u010dina u pakovanju: 100kom<\/span><br \/>\n<span>Boja: crna<\/span><br \/>\n<span>Proizvod marka: XL-TOOLS<\/span><br \/>\n<span>Te\u017eina proizvoda: 0,117 kg<\/span><br \/>\n<span>Jedinica mjere: kom<\/span><br \/>\n<span>EAN13 bar kod: 5907630100917<\/span><\/p>\n<p><span>Primjena:<\/span><br \/>\n<span>TT XL vezice za kablove od XL-TOOLS imaju \u0161iroku primjenu u doma\u0107instvima, radionicama, industriji i elektri\u010dnim instalacijama.\u00a0Koriste se za spajanje kablova, elektri\u010dnih \u017eica, crijeva, cijevi ili pri\u010dvr\u0161\u0107ivanje identifikacijskih plo\u010dica, osiguravaju\u0107i red i red u radnom prostoru.\u00a0Koriste se i za privremeno ili trajno pri\u010dvr\u0161\u0107ivanje komponenti u razli\u010ditim konfiguracijama.<\/span><\/p>\n<p><span>Upute za upotrebu:<\/span><br \/>\n<span>1. Odaberite vezicu za kablove odgovaraju\u0107e du\u017eine u zavisnosti od veli\u010dine snopa koji se kreira.<\/span><br \/>\n<span>2. Stavite traku oko elemenata koje treba vezati i provucite kraj trake kroz glavu.<\/span><br \/>\n<span>3. Zategnite vezicu, pode\u0161avaju\u0107i napetost tako da snop bude stabilan, ali da ne o\u0161teti izolaciju kabla.<\/span><br \/>\n<span>4. Kada se postigne \u017eeljena napetost, nazubljeni profil trake \u0107e se zaglaviti, spre\u010davaju\u0107i da se olabavi.<\/span><br \/>\n<span>5. Vi\u0161ak trake mo\u017ee se odrezati radi estetike i sigurnosti.<\/span><\/span><\/div>\n<\/div>\n","protected":false},"excerpt":{"rendered":"<p>Vezica TT XL crna 300&#215;3,6 &#8211; 100 kom Opis: TT XL vezice su alat za organizovanje raznih vrsta \u017eica i kablova.\u00a0Njihov dizajn omogu\u0107ava brzo i nesmetano stvaranje \u010dvrstih snopova, bez potrebe za kori\u0161tenjem dodatnih alata.\u00a0Gusti zupci smje\u0161teni du\u017e cijele du\u017eine trake omogu\u0107avaju precizno pode\u0161avanje petlje na potrebnu veli\u010dinu.\u00a0Napravljene od najlona, \u200b\u200bove trake su fleksibilne i [&hellip;]<\/p>\n","protected":false},"featured_media":17601,"comment_status":"open","ping_status":"closed","template":"","meta":{"pagelayer_contact_templates":[],"_pagelayer_content":""},"product_brand":[],"product_cat":[157,72],"product_tag":[],"class_list":{"0":"post-17079","1":"product","2":"type-product","3":"status-publish","4":"has-post-thumbnail","6":"product_cat-roba-na-akciji","7":"product_cat-potrosni-materijali-i-oprema-za-radionice","9":"first","10":"instock","11":"sale","12":"shipping-taxable","13":"purchasable","14":"product-type-simple"},"_links":{"self":[{"href":"https:\/\/amd-bl.website\/index.php?rest_route=\/wp\/v2\/product\/17079","targetHints":{"allow":["GET"]}}],"collection":[{"href":"https:\/\/amd-bl.website\/index.php?rest_route=\/wp\/v2\/product"}],"about":[{"href":"https:\/\/amd-bl.website\/index.php?rest_route=\/wp\/v2\/types\/product"}],"replies":[{"embeddable":true,"href":"https:\/\/amd-bl.website\/index.php?rest_route=%2Fwp%2Fv2%2Fcomments&post=17079"}],"wp:featuredmedia":[{"embeddable":true,"href":"https:\/\/amd-bl.website\/index.php?rest_route=\/wp\/v2\/media\/17601"}],"wp:attachment":[{"href":"https:\/\/amd-bl.website\/index.php?rest_route=%2Fwp%2Fv2%2Fmedia&parent=17079"}],"wp:term":[{"taxonomy":"product_brand","embeddable":true,"href":"https:\/\/amd-bl.website\/index.php?rest_route=%2Fwp%2Fv2%2Fproduct_brand&post=17079"},{"taxonomy":"product_cat","embeddable":true,"href":"https:\/\/amd-bl.website\/index.php?rest_route=%2Fwp%2Fv2%2Fproduct_cat&post=17079"},{"taxonomy":"product_tag","embeddable":true,"href":"https:\/\/amd-bl.website\/index.php?rest_route=%2Fwp%2Fv2%2Fproduct_tag&post=17079"}],"curies":[{"name":"wp","href":"https:\/\/api.w.org\/{rel}","templated":true}]}}