{"id":17078,"date":"2023-09-10T19:37:29","date_gmt":"2023-09-10T19:37:29","guid":{"rendered":"https:\/\/amd-bl.website\/?product=proizvod-151"},"modified":"2025-11-11T12:52:52","modified_gmt":"2025-11-11T12:52:52","slug":"proizvod-151","status":"publish","type":"product","link":"https:\/\/amd-bl.website\/?product=proizvod-151","title":{"rendered":"TAC200 PVC \u0160ELNE 2 5X200 (100kom)"},"content":{"rendered":"<h3><span>Vezica TT XL crna 200&#215;2,5 &#8211; 100 kom<\/span><\/h3>\n<p><span>Opis:<\/span><br \/>\n<span>TT XL vezica je proizvod od najlona, \u200b\u200bnamenjen vezivanju i organizovanju snopova kablova, \u017eica, creva, cevi i za pri\u010dvr\u0161\u0107ivanje identifikacionih plo\u010dica.\u00a0Zahvaljuju\u0107i gusto raspore\u0111enim zupcima po cijeloj du\u017eini, traka omogu\u0107ava da se om\u010da precizno prilagodi potrebama korisnika.\u00a0Nazubljeni profil, kada se umetne kroz glavu, stvara sigurnu i izdr\u017eljivu vezu koja se ne popu\u0161ta spontano.<\/span><\/p>\n<p><span>Karakteristike:<\/span><br \/>\n<span>&#8211; Jednostavna ugradnja bez alata<\/span><br \/>\n<span>&#8211; Visoka otpornost na kidanje<\/span><br \/>\n<span>&#8211; Gusto raspore\u0111eni zupci za precizno pristajanje<\/span><br \/>\n<span>&#8211; Fleksibilnost materijala<\/span><\/p>\n<p><span>Parametri:<\/span><br \/>\n<span>\u0160ifra proizvoda: TAC200<\/span><br \/>\n<span>&#8211; Ukupna du\u017eina: 200 mm<\/span><br \/>\n<span>&#8211; \u0160irina: 2,5 mm<\/span><br \/>\n<span>&#8211; Koli\u010dina u pakovanju: 100 kom<\/span><br \/>\n<span>&#8211; Boja: crna<\/span><br \/>\n<span>&#8211; Marka proizvoda: XL-TOOLS<\/span><br \/>\n<span>&#8211; Te\u017eina proizvoda: 0,049 kg<\/span><br \/>\n<span>&#8211; Jedinica mjere: kom<\/span><br \/>\n<span>&#8211; EAN13 Bar kod: 5907630100894<\/span><\/p>\n<p><span>Primjena:<\/span><br \/>\n<span>TT XL vezice za kablove od XL-TOOLS su posebno korisne u organiziranju elektri\u010dnih, kompjuterskih, audio-video kablova, kao i u vrtlarstvu, radionicama, kancelarijama i raznim vrstama instalacija.\u00a0Proizvod se koristi u doma\u0107im i profesionalnim projektima gdje je potrebno brzo i efikasno grupisanje instalacionih elemenata.<\/span><\/p>\n<p><span>Upute za upotrebu:<\/span><br \/>\n<span>1. Odaberite vezicu odgovaraju\u0107e du\u017eine za grupu kablova ili predmeta koje \u017eelite vezati.<\/span><br \/>\n<span>2. Postavite traku oko predmeta i provucite kraj kroz glavu trake.<\/span><br \/>\n<span>3. Zategnite traku tako da dobro pristaje oko predmeta, ali da ih ne o\u0161teti.<\/span><br \/>\n<span>4. Kada se traka pravilno zategne, nazubljeni profil \u0107e se zaklju\u010dati, spre\u010davaju\u0107i om\u010du da se olabavi.<\/span><br \/>\n<span>5. Vi\u0161ak traka se mo\u017ee odrezati ako je potrebno radi pove\u0107anja estetike i sigurnosti instalacije.<\/span><\/p>\n","protected":false},"excerpt":{"rendered":"<p>Vezica TT XL crna 200&#215;2,5 &#8211; 100 kom Opis: TT XL vezica je proizvod od najlona, \u200b\u200bnamenjen vezivanju i organizovanju snopova kablova, \u017eica, creva, cevi i za pri\u010dvr\u0161\u0107ivanje identifikacionih plo\u010dica.\u00a0Zahvaljuju\u0107i gusto raspore\u0111enim zupcima po cijeloj du\u017eini, traka omogu\u0107ava da se om\u010da precizno prilagodi potrebama korisnika.\u00a0Nazubljeni profil, kada se umetne kroz glavu, stvara sigurnu i izdr\u017eljivu [&hellip;]<\/p>\n","protected":false},"featured_media":17601,"comment_status":"open","ping_status":"closed","template":"","meta":{"pagelayer_contact_templates":[],"_pagelayer_content":""},"product_brand":[],"product_cat":[157,72],"product_tag":[],"class_list":{"0":"post-17078","1":"product","2":"type-product","3":"status-publish","4":"has-post-thumbnail","6":"product_cat-roba-na-akciji","7":"product_cat-potrosni-materijali-i-oprema-za-radionice","9":"first","10":"instock","11":"sale","12":"shipping-taxable","13":"purchasable","14":"product-type-simple"},"_links":{"self":[{"href":"https:\/\/amd-bl.website\/index.php?rest_route=\/wp\/v2\/product\/17078","targetHints":{"allow":["GET"]}}],"collection":[{"href":"https:\/\/amd-bl.website\/index.php?rest_route=\/wp\/v2\/product"}],"about":[{"href":"https:\/\/amd-bl.website\/index.php?rest_route=\/wp\/v2\/types\/product"}],"replies":[{"embeddable":true,"href":"https:\/\/amd-bl.website\/index.php?rest_route=%2Fwp%2Fv2%2Fcomments&post=17078"}],"wp:featuredmedia":[{"embeddable":true,"href":"https:\/\/amd-bl.website\/index.php?rest_route=\/wp\/v2\/media\/17601"}],"wp:attachment":[{"href":"https:\/\/amd-bl.website\/index.php?rest_route=%2Fwp%2Fv2%2Fmedia&parent=17078"}],"wp:term":[{"taxonomy":"product_brand","embeddable":true,"href":"https:\/\/amd-bl.website\/index.php?rest_route=%2Fwp%2Fv2%2Fproduct_brand&post=17078"},{"taxonomy":"product_cat","embeddable":true,"href":"https:\/\/amd-bl.website\/index.php?rest_route=%2Fwp%2Fv2%2Fproduct_cat&post=17078"},{"taxonomy":"product_tag","embeddable":true,"href":"https:\/\/amd-bl.website\/index.php?rest_route=%2Fwp%2Fv2%2Fproduct_tag&post=17078"}],"curies":[{"name":"wp","href":"https:\/\/api.w.org\/{rel}","templated":true}]}}