{"id":17077,"date":"2023-09-10T19:37:28","date_gmt":"2023-09-10T19:37:28","guid":{"rendered":"https:\/\/amd-bl.website\/?product=proizvod-150"},"modified":"2025-11-11T12:52:09","modified_gmt":"2025-11-11T12:52:09","slug":"proizvod-150","status":"publish","type":"product","link":"https:\/\/amd-bl.website\/?product=proizvod-150","title":{"rendered":"TAC100 PVC \u0160ELNE 2 5X100 (100kom)"},"content":{"rendered":"<h3><span>Vezica TT XL crna 100&#215;2.5 -100kom*<\/span><\/h3>\n<p><span>Opis:<\/span><br \/>\n<span>TT XL vezice su stezni elementi od najlona koji se koriste za grupisanje i u\u010dvr\u0161\u0107ivanje kablova, \u017eica i drugih elemenata koji zahtevaju organizaciju.\u00a0Njihov dizajn zasnovan na gustim nazubljenjima omogu\u0107ava precizno prilago\u0111avanje veli\u010dine petlje potrebama korisnika.<\/span><\/p>\n<p><span>Karakteristike:<\/span><br \/>\n<span>&#8211; Jednostavna za ugradnju<\/span><br \/>\n<span>&#8211; Visoka otpornost na kidanje<\/span><br \/>\n<span>&#8211; Gusti nazubljeni koji omogu\u0107avaju pode\u0161avanje petlje<\/span><br \/>\n<span>&#8211; \u010cvrsto\u0107a i fleksibilnost materijala<\/span><\/p>\n<p><span>Parametri:<\/span><br \/>\n<span>\u0160ifra proizvoda: TAC100<\/span><br \/>\n<span>Ukupna du\u017eina: 100 mm<\/span><br \/>\n<span>\u0160irina: 2,5 mm<\/span><br \/>\n<span>Koli\u010dina u pakovanju: 100 kom<\/span><br \/>\n<span>Boja: Crna<\/span><br \/>\n<span>Pakovanje: Na euro vje\u0161alici<\/span><br \/>\n<span>Marka proizvoda: XL-TOOLS<\/span><br \/>\n<span>Te\u017eina proizvoda: 0,027 kg<\/span><br \/>\n<span>Jedinica mjere: kom<\/span><br \/>\n<span>EAN13 bar kod: 5907630100870<\/span><\/p>\n<p><span>Primjena:<\/span><br \/>\n<span>TT XL crne vezice se koriste za organiziranje i pri\u010dvr\u0161\u0107ivanje snopova kablova i \u017eica, a mogu se koristiti i za pri\u010dvr\u0161\u0107ivanje identifikacije plo\u010de i drugi elementi koji zahtijevaju stabilizaciju.\u00a0Korisni su kako u doma\u0107instvu, tako iu raznim vrstama industrijskih i kancelarijskih instalacija.<\/span><\/p>\n<p><span>Upute za upotrebu:<\/span><br \/>\n<span>1. Odaberite traku odgovaraju\u0107e du\u017eine za va\u0161u namjeravanu upotrebu.<\/span><br \/>\n<span>2. Postavite traku oko elemenata koje \u017eelite vezati.<\/span><br \/>\n<span>3. Provucite kraj trake kroz steznu glavu.<\/span><br \/>\n<span>4. Rastegnite traku, prilago\u0111avaju\u0107i njenu du\u017einu opsegu predmeta koje treba vezati.<\/span><br \/>\n<span>5. Kada se postigne \u017eeljena sila zatezanja, nazubljeni kraj stezaljke \u0107e se uglaviti u glavu, spre\u010davaju\u0107i popu\u0161tanje.<\/span><br \/>\n<span>6. Vi\u0161ak zavoja mo\u017ee se odrezati ako je potrebno.<\/span><\/p>\n","protected":false},"excerpt":{"rendered":"<p>Vezica TT XL crna 100&#215;2.5 -100kom* Opis: TT XL vezice su stezni elementi od najlona koji se koriste za grupisanje i u\u010dvr\u0161\u0107ivanje kablova, \u017eica i drugih elemenata koji zahtevaju organizaciju.\u00a0Njihov dizajn zasnovan na gustim nazubljenjima omogu\u0107ava precizno prilago\u0111avanje veli\u010dine petlje potrebama korisnika. Karakteristike: &#8211; Jednostavna za ugradnju &#8211; Visoka otpornost na kidanje &#8211; Gusti nazubljeni [&hellip;]<\/p>\n","protected":false},"featured_media":17601,"comment_status":"open","ping_status":"closed","template":"","meta":{"pagelayer_contact_templates":[],"_pagelayer_content":""},"product_brand":[],"product_cat":[157,72],"product_tag":[],"class_list":{"0":"post-17077","1":"product","2":"type-product","3":"status-publish","4":"has-post-thumbnail","6":"product_cat-roba-na-akciji","7":"product_cat-potrosni-materijali-i-oprema-za-radionice","9":"first","10":"instock","11":"sale","12":"shipping-taxable","13":"purchasable","14":"product-type-simple"},"_links":{"self":[{"href":"https:\/\/amd-bl.website\/index.php?rest_route=\/wp\/v2\/product\/17077","targetHints":{"allow":["GET"]}}],"collection":[{"href":"https:\/\/amd-bl.website\/index.php?rest_route=\/wp\/v2\/product"}],"about":[{"href":"https:\/\/amd-bl.website\/index.php?rest_route=\/wp\/v2\/types\/product"}],"replies":[{"embeddable":true,"href":"https:\/\/amd-bl.website\/index.php?rest_route=%2Fwp%2Fv2%2Fcomments&post=17077"}],"wp:featuredmedia":[{"embeddable":true,"href":"https:\/\/amd-bl.website\/index.php?rest_route=\/wp\/v2\/media\/17601"}],"wp:attachment":[{"href":"https:\/\/amd-bl.website\/index.php?rest_route=%2Fwp%2Fv2%2Fmedia&parent=17077"}],"wp:term":[{"taxonomy":"product_brand","embeddable":true,"href":"https:\/\/amd-bl.website\/index.php?rest_route=%2Fwp%2Fv2%2Fproduct_brand&post=17077"},{"taxonomy":"product_cat","embeddable":true,"href":"https:\/\/amd-bl.website\/index.php?rest_route=%2Fwp%2Fv2%2Fproduct_cat&post=17077"},{"taxonomy":"product_tag","embeddable":true,"href":"https:\/\/amd-bl.website\/index.php?rest_route=%2Fwp%2Fv2%2Fproduct_tag&post=17077"}],"curies":[{"name":"wp","href":"https:\/\/api.w.org\/{rel}","templated":true}]}}