{"id":17074,"date":"2023-09-10T19:37:27","date_gmt":"2023-09-10T19:37:27","guid":{"rendered":"https:\/\/amd-bl.website\/?product=proizvod-147"},"modified":"2024-12-29T22:31:12","modified_gmt":"2024-12-29T22:31:12","slug":"proizvod-147","status":"publish","type":"product","link":"https:\/\/amd-bl.website\/?product=proizvod-147","title":{"rendered":"60033 AKU ROTACIONA BRUSILICA 150mm"},"content":{"rendered":"<p>Ovaj alat je dizajniran za bru\u0161enje drveta, \u017eeljeza, plastike i sli\u010dnih materijala pomo\u0107u odgovaraju\u0107eg brusnog papira.<\/p>\n<p>PREDNOSTI:<br \/>\n\u2713 Podesiva brzina: 6000, 8000, 10000 RPM.<br \/>\n\u2713 Ugra\u0111ena vre\u0107a za sakupljanje pra\u0161ine.<br \/>\n\u2713 Udobna ru\u010dka Kompatibilni proizvodi.<\/p>\n<p>KOMPATIBILAN SA RAZLI\u010cITIM BATERIJAMA I PUNJA\u010cIMA: (nisu uklju\u010deni u proizvod):<br \/>\n&#8211; 60012 \u2013 2.0Ah LI-ION BATERIJA.<br \/>\n&#8211; 60013 &#8211; LI-ION BATERIJA 4.0Ah.<br \/>\n&#8211; 60015 &#8211; LI-ION BATERIJA 6.0Ah.<br \/>\n&#8211; 60016 &#8211; 20V PUNJA\u010c.<br \/>\n&#8211; 60017 &#8211; 20V BRZI PUNJA\u010c.<\/p>\n","protected":false},"excerpt":{"rendered":"<p>Ovaj alat je dizajniran za bru\u0161enje drveta, \u017eeljeza, plastike i sli\u010dnih materijala pomo\u0107u odgovaraju\u0107eg brusnog papira. PREDNOSTI: \u2713 Podesiva brzina: 6000, 8000, 10000 RPM. \u2713 Ugra\u0111ena vre\u0107a za sakupljanje pra\u0161ine. \u2713 Udobna ru\u010dka Kompatibilni proizvodi. KOMPATIBILAN SA RAZLI\u010cITIM BATERIJAMA I PUNJA\u010cIMA: (nisu uklju\u010deni u proizvod): &#8211; 60012 \u2013 2.0Ah LI-ION BATERIJA. &#8211; 60013 &#8211; LI-ION [&hellip;]<\/p>\n","protected":false},"featured_media":18886,"comment_status":"open","ping_status":"closed","template":"","meta":{"pagelayer_contact_templates":[],"_pagelayer_content":""},"product_brand":[],"product_cat":[65],"product_tag":[],"class_list":{"0":"post-17074","1":"product","2":"type-product","3":"status-publish","4":"has-post-thumbnail","6":"product_cat-rucni-alati","8":"first","9":"instock","10":"shipping-taxable","11":"purchasable","12":"product-type-simple"},"_links":{"self":[{"href":"https:\/\/amd-bl.website\/index.php?rest_route=\/wp\/v2\/product\/17074","targetHints":{"allow":["GET"]}}],"collection":[{"href":"https:\/\/amd-bl.website\/index.php?rest_route=\/wp\/v2\/product"}],"about":[{"href":"https:\/\/amd-bl.website\/index.php?rest_route=\/wp\/v2\/types\/product"}],"replies":[{"embeddable":true,"href":"https:\/\/amd-bl.website\/index.php?rest_route=%2Fwp%2Fv2%2Fcomments&post=17074"}],"wp:featuredmedia":[{"embeddable":true,"href":"https:\/\/amd-bl.website\/index.php?rest_route=\/wp\/v2\/media\/18886"}],"wp:attachment":[{"href":"https:\/\/amd-bl.website\/index.php?rest_route=%2Fwp%2Fv2%2Fmedia&parent=17074"}],"wp:term":[{"taxonomy":"product_brand","embeddable":true,"href":"https:\/\/amd-bl.website\/index.php?rest_route=%2Fwp%2Fv2%2Fproduct_brand&post=17074"},{"taxonomy":"product_cat","embeddable":true,"href":"https:\/\/amd-bl.website\/index.php?rest_route=%2Fwp%2Fv2%2Fproduct_cat&post=17074"},{"taxonomy":"product_tag","embeddable":true,"href":"https:\/\/amd-bl.website\/index.php?rest_route=%2Fwp%2Fv2%2Fproduct_tag&post=17074"}],"curies":[{"name":"wp","href":"https:\/\/api.w.org\/{rel}","templated":true}]}}