{"id":17066,"date":"2023-09-10T19:37:24","date_gmt":"2023-09-10T19:37:24","guid":{"rendered":"https:\/\/amd-bl.website\/?product=proizvod-139"},"modified":"2025-11-11T12:23:53","modified_gmt":"2025-11-11T12:23:53","slug":"proizvod-139","status":"publish","type":"product","link":"https:\/\/amd-bl.website\/?product=proizvod-139","title":{"rendered":"JUN13 PLAMENIK 360\u00b0 MSF-1a lampa za lemljenje"},"content":{"rendered":"<h3>360\u00b0 MSF-1a PLAMENUK<\/h3>\n<p>Opis:<br \/>\nMSF-1a 360\u00b0 puhalica je alat koji vam omogu\u0107ava da radite iz bilo kojeg ugla, \u010dak i naopako, \u0161to ga \u010dini idealnim za upotrebu na te\u0161ko dostupnim mjestima. Nakon \u0161to se gorionik zagrije 30 sekundi, mo\u017ee se koristiti u punom rasponu od 360\u00b0. Ure\u0111aj je opremljen sa ugra\u0111enim piezoelektri\u010dnim upalja\u010dom, \u0161to ga \u010dini lak\u0161im za kori\u0161tenje. Kompatibilan sa popularnim cilindrima sa MSF1 ventilom kod GAZ3.<\/p>\n<p>Karakteristike:<br \/>\n&#8211; Mogu\u0107nost rada pod bilo kojim uglom (360\u00b0) nakon zagrijavanja<br \/>\n&#8211; Ugra\u0111eni piezoelektri\u010dni upalja\u010d<br \/>\n&#8211; Kompatibilnost sa cilindrima sa MSF1-a ventilom (GAZ3 kod)<\/p>\n<p>Parametri:<br \/>\n\u0160ifra proizvoda: JUN13<br \/>\nMarka proizvoda: PRO-TECHNIK<br \/>\nTe\u017eina proizvoda: 0,145 kg<br \/>\nJedini\u010dne mjere: kom<br \/>\nBar kod EAN13: 5907630130808<\/p>\n","protected":false},"excerpt":{"rendered":"<p>360\u00b0 MSF-1a PLAMENUK Opis: MSF-1a 360\u00b0 puhalica je alat koji vam omogu\u0107ava da radite iz bilo kojeg ugla, \u010dak i naopako, \u0161to ga \u010dini idealnim za upotrebu na te\u0161ko dostupnim mjestima. Nakon \u0161to se gorionik zagrije 30 sekundi, mo\u017ee se koristiti u punom rasponu od 360\u00b0. Ure\u0111aj je opremljen sa ugra\u0111enim piezoelektri\u010dnim upalja\u010dom, \u0161to ga [&hellip;]<\/p>\n","protected":false},"featured_media":17918,"comment_status":"open","ping_status":"closed","template":"","meta":{"pagelayer_contact_templates":[],"_pagelayer_content":""},"product_brand":[],"product_cat":[157],"product_tag":[],"class_list":{"0":"post-17066","1":"product","2":"type-product","3":"status-publish","4":"has-post-thumbnail","6":"product_cat-roba-na-akciji","8":"first","9":"instock","10":"sale","11":"shipping-taxable","12":"purchasable","13":"product-type-simple"},"_links":{"self":[{"href":"https:\/\/amd-bl.website\/index.php?rest_route=\/wp\/v2\/product\/17066","targetHints":{"allow":["GET"]}}],"collection":[{"href":"https:\/\/amd-bl.website\/index.php?rest_route=\/wp\/v2\/product"}],"about":[{"href":"https:\/\/amd-bl.website\/index.php?rest_route=\/wp\/v2\/types\/product"}],"replies":[{"embeddable":true,"href":"https:\/\/amd-bl.website\/index.php?rest_route=%2Fwp%2Fv2%2Fcomments&post=17066"}],"wp:featuredmedia":[{"embeddable":true,"href":"https:\/\/amd-bl.website\/index.php?rest_route=\/wp\/v2\/media\/17918"}],"wp:attachment":[{"href":"https:\/\/amd-bl.website\/index.php?rest_route=%2Fwp%2Fv2%2Fmedia&parent=17066"}],"wp:term":[{"taxonomy":"product_brand","embeddable":true,"href":"https:\/\/amd-bl.website\/index.php?rest_route=%2Fwp%2Fv2%2Fproduct_brand&post=17066"},{"taxonomy":"product_cat","embeddable":true,"href":"https:\/\/amd-bl.website\/index.php?rest_route=%2Fwp%2Fv2%2Fproduct_cat&post=17066"},{"taxonomy":"product_tag","embeddable":true,"href":"https:\/\/amd-bl.website\/index.php?rest_route=%2Fwp%2Fv2%2Fproduct_tag&post=17066"}],"curies":[{"name":"wp","href":"https:\/\/api.w.org\/{rel}","templated":true}]}}