{"id":17061,"date":"2023-09-10T19:37:21","date_gmt":"2023-09-10T19:37:21","guid":{"rendered":"https:\/\/amd-bl.website\/?product=proizvod-134"},"modified":"2025-11-11T12:21:27","modified_gmt":"2025-11-11T12:21:27","slug":"proizvod-134","status":"publish","type":"product","link":"https:\/\/amd-bl.website\/?product=proizvod-134","title":{"rendered":"MLGW15 \u010cEKI\u0106 BEZ TRZAJA 700g"},"content":{"rendered":"<h3>\u010ceki\u0107 bez trzaja 700gr 1.5f<\/h3>\n<p>Opis:<br \/>\nSpecijalizovani monta\u017eni \u010deki\u0107 bez trzaja, te\u017eine 700 g i du\u017eine 320 mm. Izra\u0111en od ABS materijala otpornog na mehani\u010dka o\u0161te\u0107enja. Glava \u010deki\u0107a je punjena \u010deli\u010dnom sa\u010dmom koja se slobodno kre\u0107e i spre\u010dava da se \u010deki\u0107 odbije od materijala. Zahvaljuju\u0107i tome, cjelokupna udarna sila usmjerava se na materijal, istovremeno ga \u0161titi od o\u0161te\u0107enja. \u010ceki\u0107 idealan za monta\u017ene radove koji zahtijevaju jak udar i za\u0161titu materijala, kao \u0161to su monta\u017ea dijelova ma\u0161ina i ure\u0111aja, zabijanje niveliraju\u0107ih kerami\u010dkih plo\u010dica itd. Proizvod marke XL-TOOLS.<\/p>\n<p>Karakteristike:<br \/>\n&#8211; \u010ceki\u0107 bez trzaja 700g<br \/>\n&#8211; Monta\u017eni \u010deki\u0107 sa posebnom strukturom<br \/>\n&#8211; Napravljen od ABS materijala otpornog na mehani\u010dka o\u0161te\u0107enja<br \/>\n&#8211; Glava punjena \u010deli\u010dnom sa\u010dmom<br \/>\n&#8211; Sprje\u010dava odbijanje \u010deki\u0107a od materijala<br \/>\n&#8211; Cijela sila udara je usmjerena na materijal<br \/>\n&#8211; \u0160titi materijal protiv o\u0161te\u0107enja<\/p>\n<p>Parametri:<br \/>\n&#8211; \u0160ifra proizvoda: MLGW15<br \/>\n&#8211; Du\u017eina \u010deki\u0107a: 320 mm<br \/>\n&#8211; Du\u017eina glave: 112 mm<br \/>\n&#8211; Debljina glave: 51 mm<br \/>\n&#8211; Te\u017eina: 700 g &#8211;<br \/>\nMaterijal glave: ABS plastika, \u010deli\u010dna sa\u010dma<br \/>\n&#8211; Materijal ru\u010dke: plastika<br \/>\n&#8211; Te\u017eina proizvoda: 0,915 kg<br \/>\n&#8211; EAN13 bar-kod: 5903347003343<\/p>\n<p>Primjena:<br \/>\nSpecijalizirani XL-TOOLS bezpovratni \u010deki\u0107 je idealan za radove koji zahtijevaju sna\u017ean udar uz za\u0161titu materijala. Mo\u017ee se koristiti za monta\u017eu delova ma\u0161ina i ure\u0111aja, zabijanje nivelacionih kerami\u010dkih plo\u010dica i druge radove kod kojih postoji opasnost od o\u0161te\u0107enja materijala tradicionalnim \u010deki\u0107em. Zahvaljuju\u0107i svom posebnom dizajnu, \u010deki\u0107 bez trzaja elimini\u0161e efekat odbijanja, usmeravaju\u0107i celokupnu silu udara na materijal, istovremeno minimiziraju\u0107i rizik od o\u0161te\u0107enja. Proizvod marke XL-TOOLS sa bar kodom EAN13: 5903347003343.<\/p>\n","protected":false},"excerpt":{"rendered":"<p>\u010ceki\u0107 bez trzaja 700gr 1.5f Opis: Specijalizovani monta\u017eni \u010deki\u0107 bez trzaja, te\u017eine 700 g i du\u017eine 320 mm. Izra\u0111en od ABS materijala otpornog na mehani\u010dka o\u0161te\u0107enja. Glava \u010deki\u0107a je punjena \u010deli\u010dnom sa\u010dmom koja se slobodno kre\u0107e i spre\u010dava da se \u010deki\u0107 odbije od materijala. Zahvaljuju\u0107i tome, cjelokupna udarna sila usmjerava se na materijal, istovremeno ga [&hellip;]<\/p>\n","protected":false},"featured_media":17654,"comment_status":"open","ping_status":"closed","template":"","meta":{"pagelayer_contact_templates":[],"_pagelayer_content":""},"product_brand":[],"product_cat":[157,158],"product_tag":[],"class_list":{"0":"post-17061","1":"product","2":"type-product","3":"status-publish","4":"has-post-thumbnail","6":"product_cat-roba-na-akciji","7":"product_cat-cekici","9":"first","10":"instock","11":"sale","12":"shipping-taxable","13":"purchasable","14":"product-type-simple"},"_links":{"self":[{"href":"https:\/\/amd-bl.website\/index.php?rest_route=\/wp\/v2\/product\/17061","targetHints":{"allow":["GET"]}}],"collection":[{"href":"https:\/\/amd-bl.website\/index.php?rest_route=\/wp\/v2\/product"}],"about":[{"href":"https:\/\/amd-bl.website\/index.php?rest_route=\/wp\/v2\/types\/product"}],"replies":[{"embeddable":true,"href":"https:\/\/amd-bl.website\/index.php?rest_route=%2Fwp%2Fv2%2Fcomments&post=17061"}],"wp:featuredmedia":[{"embeddable":true,"href":"https:\/\/amd-bl.website\/index.php?rest_route=\/wp\/v2\/media\/17654"}],"wp:attachment":[{"href":"https:\/\/amd-bl.website\/index.php?rest_route=%2Fwp%2Fv2%2Fmedia&parent=17061"}],"wp:term":[{"taxonomy":"product_brand","embeddable":true,"href":"https:\/\/amd-bl.website\/index.php?rest_route=%2Fwp%2Fv2%2Fproduct_brand&post=17061"},{"taxonomy":"product_cat","embeddable":true,"href":"https:\/\/amd-bl.website\/index.php?rest_route=%2Fwp%2Fv2%2Fproduct_cat&post=17061"},{"taxonomy":"product_tag","embeddable":true,"href":"https:\/\/amd-bl.website\/index.php?rest_route=%2Fwp%2Fv2%2Fproduct_tag&post=17061"}],"curies":[{"name":"wp","href":"https:\/\/api.w.org\/{rel}","templated":true}]}}