{"id":17060,"date":"2023-09-10T19:37:21","date_gmt":"2023-09-10T19:37:21","guid":{"rendered":"https:\/\/amd-bl.website\/?product=proizvod-133"},"modified":"2025-11-11T12:20:50","modified_gmt":"2025-11-11T12:20:50","slug":"proizvod-133","status":"publish","type":"product","link":"https:\/\/amd-bl.website\/?product=proizvod-133","title":{"rendered":"MLGW30 \u010cEKI\u0106 BEZ TRZAJA 1400g"},"content":{"rendered":"<h3>\u010ceki\u0107 bez trzaja 1400gr 3.0f<\/h3>\n<p>Opis:<br \/>\nSpecijalizovani 1400gr 3.0f \u010deki\u0107 bez trzaja, \u0161ifra proizvoda MLGW30, izra\u0111en je od visokokvalitetne ABS plastike i metalne \u010deli\u010dne sa\u010dme. Ima specifi\u010dnu strukturu koja elimini\u0161e efekat odbijanja \u010deki\u0107a od materijala. \u010ceki\u0107 je idealan za radove koji zahtijevaju jak udar uz za\u0161titu materijala, kao \u0161to je monta\u017ea dijelova strojeva i opreme ili niveliranje prilikom polaganja kerami\u010dkih plo\u010dica.<\/p>\n<p>Karakteristike:<br \/>\n&#8211; Sna\u017ean i izdr\u017eljiv specijalizovani \u010deki\u0107 za monta\u017eu<br \/>\n&#8211; Dizajn bez trzaja koji minimizira efekat odbijanja<br \/>\n&#8211; Pru\u017ea istovremenu za\u0161titu materijala<br \/>\n&#8211; Izra\u0111en od ABS materijala otpornog na o\u0161te\u0107enja<br \/>\n&#8211; Glava punjena \u010deli\u010dnom sa\u010dmom<br \/>\n&#8211; Ergonomska ru\u010dka od plastike<\/p>\n<p>Parametri:<br \/>\n&#8211; \u0160ifra proizvoda: MLGW30<br \/>\n&#8211; Materijal glave: ABS plastika, \u010deli\u010dna sa\u010dma<br \/>\n&#8211; Du\u017eina \u010deki\u0107a: 347 mm<br \/>\n&#8211; Du\u017eina glave: 120 mm<br \/>\n&#8211; Debljina glave: 60 mm<br \/>\n&#8211; Te\u017eina: 1400 g<br \/>\n&#8211; Marka proizvoda: XL-TOOLS<br \/>\n&#8211; EAN13 bar kod: 5903347003367<\/p>\n<p>Primjena:<br \/>\nSpecijalizirani \u010deki\u0107 1400gr je recoilless 30. namijenjeno za rad koji zahtijeva jak udar, a istovremeno \u0161titi materijal. Idealan je za monta\u017eu delova ma\u0161ina i ure\u0111aja i za nivelisanje polo\u017eenih kerami\u010dkih plo\u010dica. Proizvod mo\u017eemo koristiti i za druge radove koji zahtijevaju preciznost i udarnu silu.<\/p>\n","protected":false},"excerpt":{"rendered":"<p>\u010ceki\u0107 bez trzaja 1400gr 3.0f Opis: Specijalizovani 1400gr 3.0f \u010deki\u0107 bez trzaja, \u0161ifra proizvoda MLGW30, izra\u0111en je od visokokvalitetne ABS plastike i metalne \u010deli\u010dne sa\u010dme. Ima specifi\u010dnu strukturu koja elimini\u0161e efekat odbijanja \u010deki\u0107a od materijala. \u010ceki\u0107 je idealan za radove koji zahtijevaju jak udar uz za\u0161titu materijala, kao \u0161to je monta\u017ea dijelova strojeva i opreme [&hellip;]<\/p>\n","protected":false},"featured_media":17654,"comment_status":"open","ping_status":"closed","template":"","meta":{"pagelayer_contact_templates":[],"_pagelayer_content":""},"product_brand":[],"product_cat":[157,158],"product_tag":[],"class_list":{"0":"post-17060","1":"product","2":"type-product","3":"status-publish","4":"has-post-thumbnail","6":"product_cat-roba-na-akciji","7":"product_cat-cekici","9":"first","10":"instock","11":"sale","12":"shipping-taxable","13":"purchasable","14":"product-type-simple"},"_links":{"self":[{"href":"https:\/\/amd-bl.website\/index.php?rest_route=\/wp\/v2\/product\/17060","targetHints":{"allow":["GET"]}}],"collection":[{"href":"https:\/\/amd-bl.website\/index.php?rest_route=\/wp\/v2\/product"}],"about":[{"href":"https:\/\/amd-bl.website\/index.php?rest_route=\/wp\/v2\/types\/product"}],"replies":[{"embeddable":true,"href":"https:\/\/amd-bl.website\/index.php?rest_route=%2Fwp%2Fv2%2Fcomments&post=17060"}],"wp:featuredmedia":[{"embeddable":true,"href":"https:\/\/amd-bl.website\/index.php?rest_route=\/wp\/v2\/media\/17654"}],"wp:attachment":[{"href":"https:\/\/amd-bl.website\/index.php?rest_route=%2Fwp%2Fv2%2Fmedia&parent=17060"}],"wp:term":[{"taxonomy":"product_brand","embeddable":true,"href":"https:\/\/amd-bl.website\/index.php?rest_route=%2Fwp%2Fv2%2Fproduct_brand&post=17060"},{"taxonomy":"product_cat","embeddable":true,"href":"https:\/\/amd-bl.website\/index.php?rest_route=%2Fwp%2Fv2%2Fproduct_cat&post=17060"},{"taxonomy":"product_tag","embeddable":true,"href":"https:\/\/amd-bl.website\/index.php?rest_route=%2Fwp%2Fv2%2Fproduct_tag&post=17060"}],"curies":[{"name":"wp","href":"https:\/\/api.w.org\/{rel}","templated":true}]}}