{"id":17050,"date":"2023-09-10T19:37:17","date_gmt":"2023-09-10T19:37:17","guid":{"rendered":"https:\/\/amd-bl.website\/?product=proizvod-123"},"modified":"2025-11-11T12:16:07","modified_gmt":"2025-11-11T12:16:07","slug":"proizvod-123","status":"publish","type":"product","link":"https:\/\/amd-bl.website\/?product=proizvod-123","title":{"rendered":"SMA100 SET MAZALICA"},"content":{"rendered":"<p>Kalamitki set mazalica 100 kom BOXX<br \/>\nOpis:<br \/>\nKalamitki XL-TOOLS set mazalica je neophodan alat za svakog mehani\u010dara, autoservisa ili gara\u017ee. Zahvaljuju\u0107i njemu, osigurat \u0107ete odgovaraju\u0107u dozu maziva za elemente stroja, \u0161to zna\u010di smanjeno trenje i produ\u017een vijek trajanja opreme. Proizvod je upakovan u prakti\u010dan prozirni organizator sa pretincima, \u0161to omogu\u0107ava lako sortiranje i skladi\u0161tenje.<\/p>\n<p>Dimenzije:<br \/>\nTe\u017eina proizvoda: 0,691 kg<\/p>\n<p>Karakteristike:<br \/>\n&#8211; Set sadr\u017ei 100 komada mazalica pod razli\u010ditim uglovima (180\u00b0, 90\u00b0, 45\u00b0) i veli\u010dinama (M8x1, M10x1), \u0161to omogu\u0107ava raznovrsnu upotrebu.<br \/>\n&#8211; Prakti\u010dan organizator s pretincima za jednostavno skladi\u0161tenje i sortiranje.<br \/>\n&#8211; Podmaziva\u010di osiguravaju precizno doziranje maziva, \u0161to smanjuje trenje i produ\u017eava vijek trajanja ma\u0161ina.<br \/>\n&#8211; Savr\u0161eno za upotrebu u automobilskoj industriji, poljoprivredi i industriji.<br \/>\n&#8211; Proizvod marke XL-TOOLS, prepoznatljiv po kvaliteti i funkcionalnosti.<\/p>\n<p>Parametri:<br \/>\n&#8211; \u0160ifra proizvoda: SMA100<br \/>\n&#8211; Marka: XL-TOOLS<br \/>\n&#8211; Proizvo\u0111a\u010d: XL-TOOLS Poljska<br \/>\n&#8211; Te\u017eina: 0,691 kg<br \/>\n&#8211; Jedinica mjere: kom<br \/>\n&#8211; EAN13 Bar kod: 5907630155382<\/p>\n<p>Primjena:<br \/>\nXL-TOOLS mazalice se \u0161iroko koriste u poljoprivrede i industrije. Zahvaljuju\u0107i njima, svaka ma\u0161ina \u0107e raditi nesmetano i bez kvarova, \u0161to je klju\u010dno za efikasnost i sigurnost rada. Savr\u0161eni za podmazivanje ma\u0161inskih elemenata kao \u0161to su \u0161arke, zglobovi ili le\u017eajevi, omogu\u0107avaju precizno doziranje masti, \u0161to zna\u010dajno smanjuje trenje izme\u0111u pojedinih delova.<\/p>\n","protected":false},"excerpt":{"rendered":"<p>Kalamitki set mazalica 100 kom BOXX Opis: Kalamitki XL-TOOLS set mazalica je neophodan alat za svakog mehani\u010dara, autoservisa ili gara\u017ee. Zahvaljuju\u0107i njemu, osigurat \u0107ete odgovaraju\u0107u dozu maziva za elemente stroja, \u0161to zna\u010di smanjeno trenje i produ\u017een vijek trajanja opreme. Proizvod je upakovan u prakti\u010dan prozirni organizator sa pretincima, \u0161to omogu\u0107ava lako sortiranje i skladi\u0161tenje. Dimenzije: [&hellip;]<\/p>\n","protected":false},"featured_media":18875,"comment_status":"open","ping_status":"closed","template":"","meta":{"pagelayer_contact_templates":[],"_pagelayer_content":""},"product_brand":[],"product_cat":[157,72],"product_tag":[],"class_list":{"0":"post-17050","1":"product","2":"type-product","3":"status-publish","4":"has-post-thumbnail","6":"product_cat-roba-na-akciji","7":"product_cat-potrosni-materijali-i-oprema-za-radionice","9":"first","10":"instock","11":"sale","12":"shipping-taxable","13":"purchasable","14":"product-type-simple"},"_links":{"self":[{"href":"https:\/\/amd-bl.website\/index.php?rest_route=\/wp\/v2\/product\/17050","targetHints":{"allow":["GET"]}}],"collection":[{"href":"https:\/\/amd-bl.website\/index.php?rest_route=\/wp\/v2\/product"}],"about":[{"href":"https:\/\/amd-bl.website\/index.php?rest_route=\/wp\/v2\/types\/product"}],"replies":[{"embeddable":true,"href":"https:\/\/amd-bl.website\/index.php?rest_route=%2Fwp%2Fv2%2Fcomments&post=17050"}],"wp:featuredmedia":[{"embeddable":true,"href":"https:\/\/amd-bl.website\/index.php?rest_route=\/wp\/v2\/media\/18875"}],"wp:attachment":[{"href":"https:\/\/amd-bl.website\/index.php?rest_route=%2Fwp%2Fv2%2Fmedia&parent=17050"}],"wp:term":[{"taxonomy":"product_brand","embeddable":true,"href":"https:\/\/amd-bl.website\/index.php?rest_route=%2Fwp%2Fv2%2Fproduct_brand&post=17050"},{"taxonomy":"product_cat","embeddable":true,"href":"https:\/\/amd-bl.website\/index.php?rest_route=%2Fwp%2Fv2%2Fproduct_cat&post=17050"},{"taxonomy":"product_tag","embeddable":true,"href":"https:\/\/amd-bl.website\/index.php?rest_route=%2Fwp%2Fv2%2Fproduct_tag&post=17050"}],"curies":[{"name":"wp","href":"https:\/\/api.w.org\/{rel}","templated":true}]}}