{"id":17046,"date":"2023-09-10T19:37:15","date_gmt":"2023-09-10T19:37:15","guid":{"rendered":"https:\/\/amd-bl.website\/?product=proizvod-119"},"modified":"2025-11-11T12:04:59","modified_gmt":"2025-11-11T12:04:59","slug":"proizvod-119","status":"publish","type":"product","link":"https:\/\/amd-bl.website\/?product=proizvod-119","title":{"rendered":"POM110 SET BAKARNIH PODLO\u0160KI"},"content":{"rendered":"<p>Set bakrenih podlo\u0161ki 110 komada BOXX<br \/>\nOpis:<br \/>\nSet BOXX bakrenih pera\u010da, XL-TOOLS, nezaobilazan je dodatak u svakoj auto radionici i ku\u0107noj gara\u017ei. Set se sastoji od 110 komada podlo\u0161ki razli\u010ditih veli\u010dina: M6, M8, M10, M12, M14 i M16. Ove podlo\u0161ke su idealno rje\u0161enje za brtvljenje spojeva ispod vijaka, zahvaljuju\u0107i svojoj meko\u0107i, koja omogu\u0107ava savr\u0161eno pristajanje na oblik spoja, \u010dime se osigurava efikasno zaptivanje. Bakrene podlo\u0161ke su otporne na vodu i oksidaciju, \u0161to ih \u010dini dugotrajnim izborom. Proizvod se isporu\u010duje u prozirnom organizatoru sa pretincima, \u0161to olak\u0161ava skladi\u0161tenje i brz pristup tra\u017eenoj veli\u010dini.<\/p>\n<p>Dimenzije:<br \/>\n&#8211; M6 &#8211; 30 komada<br \/>\n&#8211; M8 &#8211; 25 komada<br \/>\n&#8211; M10 &#8211; 20 komada<br \/>\n&#8211; M12 &#8211; 15 komada<br \/>\n&#8211; M14 &#8211; 10 komada<br \/>\n&#8211; M16 &#8211; 10 komada<\/p>\n<p>Karakteristike:<br \/>\n&#8211; Od bakra koji garantuje trajnost i otpornost na oksidaciju.<br \/>\n&#8211; Mekana, omogu\u0107ava lako prilago\u0111avanje obliku konektora.<br \/>\n&#8211; Vodootporan za dugotrajnu za\u0161titu.<br \/>\n&#8211; Upakovan u prakti\u010dan, providan organizator sa pregradama.<br \/>\n&#8211; Mala te\u017eina, \u0161to olak\u0161ava transport i skladi\u0161tenje.<\/p>\n<p>Parametri:<br \/>\n&#8211; \u0160ifra proizvoda: POM110<br \/>\n&#8211; Marka: XL-TOOLS<br \/>\n&#8211; Proizvo\u0111a\u010d: XL-TOOLS Poljska<br \/>\n&#8211; Te\u017eina proizvoda: 0,169 kg<br \/>\n&#8211; Jedinica mjere: kom<br \/>\n&#8211; EAN13 Bar kod: 5907630155375<\/p>\n<p>Primjena:<br \/>\nXL-TOOLS bakrene podlo\u0161ke su savr\u0161ene za podmetanje vijci u raznim mehani\u010dkim primjenama. Njihova fleksibilnost i otpornost na vanjske faktore \u010dine ih neprocjenjivim alatom u auto radionicama i ku\u0107nim gara\u017eama. Zahvaljuju\u0107i njima izbje\u0107i \u0107ete probleme s curenjem i osigurati trajne veze u svojim projektima.<\/p>\n","protected":false},"excerpt":{"rendered":"<p>Set bakrenih podlo\u0161ki 110 komada BOXX Opis: Set BOXX bakrenih pera\u010da, XL-TOOLS, nezaobilazan je dodatak u svakoj auto radionici i ku\u0107noj gara\u017ei. Set se sastoji od 110 komada podlo\u0161ki razli\u010ditih veli\u010dina: M6, M8, M10, M12, M14 i M16. Ove podlo\u0161ke su idealno rje\u0161enje za brtvljenje spojeva ispod vijaka, zahvaljuju\u0107i svojoj meko\u0107i, koja omogu\u0107ava savr\u0161eno pristajanje [&hellip;]<\/p>\n","protected":false},"featured_media":18906,"comment_status":"open","ping_status":"closed","template":"","meta":{"pagelayer_contact_templates":[],"_pagelayer_content":""},"product_brand":[],"product_cat":[157,72],"product_tag":[],"class_list":{"0":"post-17046","1":"product","2":"type-product","3":"status-publish","4":"has-post-thumbnail","6":"product_cat-roba-na-akciji","7":"product_cat-potrosni-materijali-i-oprema-za-radionice","9":"first","10":"instock","11":"sale","12":"shipping-taxable","13":"purchasable","14":"product-type-simple"},"_links":{"self":[{"href":"https:\/\/amd-bl.website\/index.php?rest_route=\/wp\/v2\/product\/17046","targetHints":{"allow":["GET"]}}],"collection":[{"href":"https:\/\/amd-bl.website\/index.php?rest_route=\/wp\/v2\/product"}],"about":[{"href":"https:\/\/amd-bl.website\/index.php?rest_route=\/wp\/v2\/types\/product"}],"replies":[{"embeddable":true,"href":"https:\/\/amd-bl.website\/index.php?rest_route=%2Fwp%2Fv2%2Fcomments&post=17046"}],"wp:featuredmedia":[{"embeddable":true,"href":"https:\/\/amd-bl.website\/index.php?rest_route=\/wp\/v2\/media\/18906"}],"wp:attachment":[{"href":"https:\/\/amd-bl.website\/index.php?rest_route=%2Fwp%2Fv2%2Fmedia&parent=17046"}],"wp:term":[{"taxonomy":"product_brand","embeddable":true,"href":"https:\/\/amd-bl.website\/index.php?rest_route=%2Fwp%2Fv2%2Fproduct_brand&post=17046"},{"taxonomy":"product_cat","embeddable":true,"href":"https:\/\/amd-bl.website\/index.php?rest_route=%2Fwp%2Fv2%2Fproduct_cat&post=17046"},{"taxonomy":"product_tag","embeddable":true,"href":"https:\/\/amd-bl.website\/index.php?rest_route=%2Fwp%2Fv2%2Fproduct_tag&post=17046"}],"curies":[{"name":"wp","href":"https:\/\/api.w.org\/{rel}","templated":true}]}}