{"id":17044,"date":"2023-09-10T19:37:14","date_gmt":"2023-09-10T19:37:14","guid":{"rendered":"https:\/\/amd-bl.website\/?product=proizvod-117"},"modified":"2025-06-03T09:39:10","modified_gmt":"2025-06-03T09:39:10","slug":"proizvod-117","status":"publish","type":"product","link":"https:\/\/amd-bl.website\/?product=proizvod-117","title":{"rendered":"KGRZ61 SET klju\u010deva O\/V  sa ra\u010dnom"},"content":{"rendered":"<h3><span>Kombinovani klju\u010devi sa grehom. polomljeno 6 kom 8-17<\/span><\/h3>\n<p><span>Opis:<\/span><br \/>\n<span>Komplet uklju\u010duje kombinovane klju\u010deve sa \u010degrtaljkom i zglobom koji olak\u0161avaju rad na te\u0161ko dostupnim mjestima. Dvostrana zavr\u0161na obrada tipki omogu\u0107ava vam da lako promijenite smjer rada. Povr\u0161ina tipki je polirana, \u0161to omogu\u0107ava lako \u010di\u0161\u0107enje. Izdr\u017eljiva hromirana prevlaka \u0161titi alate od korozije, a \u010dvrsta hrom-vanadijum \u010deli\u010dna konstrukcija osigurava otpornost na savijanje i pucanje.<\/span><\/p>\n<p><span>Karakteristike:<\/span><br \/>\n<span>&#8211; Rachet mehanizam<\/span><br \/>\n<span>&#8211; Spojeni<\/span><br \/>\n<span>&#8211; Od hrom-vanadijum \u010delika<\/span><br \/>\n<span>&#8211; Polirani<\/span><br \/>\n<span>&#8211; Hromirani premaz<\/span><br \/>\n<span>&#8211; Dvostrani<\/span><\/p>\n<p><span>Parametri:<\/span><br \/>\n<span>\u0160ifra proizvoda: KGRZ61<\/span><br \/>\n<span>Veli\u010dine: 8, 10, 12, 13, 14, 17<\/span><br \/>\n<span>Marka proizvoda: XL-TOOLS<\/span><br \/>\n<span>Te\u017eina proizvoda : 0,8 kg<\/span><br \/>\n<span>Jedinica mjere: kom<\/span><br \/>\n<span>Bar kod EAN13: 5907630139535<\/span><\/p>\n","protected":false},"excerpt":{"rendered":"<p>Kombinovani klju\u010devi sa grehom. polomljeno 6 kom 8-17 Opis: Komplet uklju\u010duje kombinovane klju\u010deve sa \u010degrtaljkom i zglobom koji olak\u0161avaju rad na te\u0161ko dostupnim mjestima. Dvostrana zavr\u0161na obrada tipki omogu\u0107ava vam da lako promijenite smjer rada. Povr\u0161ina tipki je polirana, \u0161to omogu\u0107ava lako \u010di\u0161\u0107enje. Izdr\u017eljiva hromirana prevlaka \u0161titi alate od korozije, a \u010dvrsta hrom-vanadijum \u010deli\u010dna konstrukcija [&hellip;]<\/p>\n","protected":false},"featured_media":18787,"comment_status":"open","ping_status":"closed","template":"","meta":{"pagelayer_contact_templates":[],"_pagelayer_content":""},"product_brand":[],"product_cat":[88],"product_tag":[],"class_list":{"0":"post-17044","1":"product","2":"type-product","3":"status-publish","4":"has-post-thumbnail","6":"product_cat-kljucevi-o-v-sa-racnom","8":"first","9":"instock","10":"sale","11":"shipping-taxable","12":"purchasable","13":"product-type-simple"},"_links":{"self":[{"href":"https:\/\/amd-bl.website\/index.php?rest_route=\/wp\/v2\/product\/17044","targetHints":{"allow":["GET"]}}],"collection":[{"href":"https:\/\/amd-bl.website\/index.php?rest_route=\/wp\/v2\/product"}],"about":[{"href":"https:\/\/amd-bl.website\/index.php?rest_route=\/wp\/v2\/types\/product"}],"replies":[{"embeddable":true,"href":"https:\/\/amd-bl.website\/index.php?rest_route=%2Fwp%2Fv2%2Fcomments&post=17044"}],"wp:featuredmedia":[{"embeddable":true,"href":"https:\/\/amd-bl.website\/index.php?rest_route=\/wp\/v2\/media\/18787"}],"wp:attachment":[{"href":"https:\/\/amd-bl.website\/index.php?rest_route=%2Fwp%2Fv2%2Fmedia&parent=17044"}],"wp:term":[{"taxonomy":"product_brand","embeddable":true,"href":"https:\/\/amd-bl.website\/index.php?rest_route=%2Fwp%2Fv2%2Fproduct_brand&post=17044"},{"taxonomy":"product_cat","embeddable":true,"href":"https:\/\/amd-bl.website\/index.php?rest_route=%2Fwp%2Fv2%2Fproduct_cat&post=17044"},{"taxonomy":"product_tag","embeddable":true,"href":"https:\/\/amd-bl.website\/index.php?rest_route=%2Fwp%2Fv2%2Fproduct_tag&post=17044"}],"curies":[{"name":"wp","href":"https:\/\/api.w.org\/{rel}","templated":true}]}}