{"id":17042,"date":"2023-09-10T19:37:13","date_gmt":"2023-09-10T19:37:13","guid":{"rendered":"https:\/\/amd-bl.website\/?product=proizvod-115"},"modified":"2025-11-11T12:03:51","modified_gmt":"2025-11-11T12:03:51","slug":"proizvod-115","status":"publish","type":"product","link":"https:\/\/amd-bl.website\/?product=proizvod-115","title":{"rendered":"PK1012 Fleksibilno crijevo za vazduh 12\/8mm 10m"},"content":{"rendered":"<p>PE 12\/8mm visokoproto\u010dno pneumatsko crijevo, 10m<br \/>\nOpis:<br \/>\nXL-TOOLS PE pneumatsko crijevo je pouzdano rje\u0161enje za sve radove koji uklju\u010duju upotrebu zraka pod pritiskom. Zahvaljuju\u0107i fleksibilnom i izdr\u017eljivom polietilenu, otporan je na vibracije, udarce i ogrebotine, \u0161to ga \u010dini idealnim izborom za intenzivnu upotrebu. Spiralni kabel du\u017eine 10 metara omogu\u0107ava slobodu kretanja, a brzi konektori omogu\u0107avaju brzo i jednostavno povezivanje s raznim ure\u0111ajima.<\/p>\n<p>Dimenzije:<br \/>\n&#8211; Du\u017eina: 10m<br \/>\n&#8211; Unutra\u0161nji pre\u010dnik: 8mm<br \/>\n&#8211; Vanjski pre\u010dnik: 12mm<\/p>\n<p>Karakteristike:<br \/>\n&#8211; Spiralno crevo visokog protoka<br \/>\n&#8211; Od fleksibilnog i izdr\u017eljivog polietilena<br \/>\n&#8211; Otporno na vibracije, udarce i ogrebotine<br \/>\n&#8211; Opremljeno brzim konektorima za jednostavno povezivanje<\/p>\n<p>Parametri:<br \/>\n&#8211; \u0160ifra proizvoda: PK1012<br \/>\n&#8211; Marka: XL-TOOLS<br \/>\n&#8211; Proizvo\u0111a\u010d: XL-TOOLS Poljska<br \/>\n&#8211; Te\u017eina: 0,576 kg<br \/>\n&#8211; Jedinica mjere: kom<br \/>\n&#8211; EAN13 Bar kod: 5907630150899<br \/>\n&#8211; Maksimalni radni pritisak: 8 bara<\/p>\n<p>Primjena:<br \/>\nXL-TOOLS PE pneumatsko crijevo je idealan izbor za rad sa kompresorima, pi\u0161toljima za pranje i podmazivanje te puha\u010dima. Zahvaljuju\u0107i svom dizajnu, osigurava efikasan i nesmetan rad u razli\u010ditim radnim uslovima.<\/p>\n","protected":false},"excerpt":{"rendered":"<p>PE 12\/8mm visokoproto\u010dno pneumatsko crijevo, 10m Opis: XL-TOOLS PE pneumatsko crijevo je pouzdano rje\u0161enje za sve radove koji uklju\u010duju upotrebu zraka pod pritiskom. Zahvaljuju\u0107i fleksibilnom i izdr\u017eljivom polietilenu, otporan je na vibracije, udarce i ogrebotine, \u0161to ga \u010dini idealnim izborom za intenzivnu upotrebu. Spiralni kabel du\u017eine 10 metara omogu\u0107ava slobodu kretanja, a brzi konektori omogu\u0107avaju [&hellip;]<\/p>\n","protected":false},"featured_media":18900,"comment_status":"open","ping_status":"closed","template":"","meta":{"pagelayer_contact_templates":[],"_pagelayer_content":""},"product_brand":[],"product_cat":[157,166],"product_tag":[],"class_list":{"0":"post-17042","1":"product","2":"type-product","3":"status-publish","4":"has-post-thumbnail","6":"product_cat-roba-na-akciji","7":"product_cat-pneumatski-alat","9":"first","10":"instock","11":"sale","12":"shipping-taxable","13":"purchasable","14":"product-type-simple"},"_links":{"self":[{"href":"https:\/\/amd-bl.website\/index.php?rest_route=\/wp\/v2\/product\/17042","targetHints":{"allow":["GET"]}}],"collection":[{"href":"https:\/\/amd-bl.website\/index.php?rest_route=\/wp\/v2\/product"}],"about":[{"href":"https:\/\/amd-bl.website\/index.php?rest_route=\/wp\/v2\/types\/product"}],"replies":[{"embeddable":true,"href":"https:\/\/amd-bl.website\/index.php?rest_route=%2Fwp%2Fv2%2Fcomments&post=17042"}],"wp:featuredmedia":[{"embeddable":true,"href":"https:\/\/amd-bl.website\/index.php?rest_route=\/wp\/v2\/media\/18900"}],"wp:attachment":[{"href":"https:\/\/amd-bl.website\/index.php?rest_route=%2Fwp%2Fv2%2Fmedia&parent=17042"}],"wp:term":[{"taxonomy":"product_brand","embeddable":true,"href":"https:\/\/amd-bl.website\/index.php?rest_route=%2Fwp%2Fv2%2Fproduct_brand&post=17042"},{"taxonomy":"product_cat","embeddable":true,"href":"https:\/\/amd-bl.website\/index.php?rest_route=%2Fwp%2Fv2%2Fproduct_cat&post=17042"},{"taxonomy":"product_tag","embeddable":true,"href":"https:\/\/amd-bl.website\/index.php?rest_route=%2Fwp%2Fv2%2Fproduct_tag&post=17042"}],"curies":[{"name":"wp","href":"https:\/\/api.w.org\/{rel}","templated":true}]}}