{"id":17034,"date":"2023-09-10T19:36:58","date_gmt":"2023-09-10T19:36:58","guid":{"rendered":"https:\/\/amd-bl.website\/?product=proizvod-107"},"modified":"2025-11-17T16:26:51","modified_gmt":"2025-11-17T16:26:51","slug":"proizvod-107","status":"publish","type":"product","link":"https:\/\/amd-bl.website\/?product=proizvod-107","title":{"rendered":"00301045 Spuzva za poliranje crna"},"content":{"rendered":"<p>Spu\u017evasti jastu\u010di\u0107i koji se koriste za izravnavanje premaza i poliranje povr\u0161ina raznim pastama za poliranje.<br \/>\nUklanja prljav\u0161tinu i oksidiranu boju sa dubokih pukotina i ogrebotina, efikasno vra\u0107aju\u0107i prirodnu boju i sjaj obojenim povr\u0161inama.<br \/>\nDostupan u \u0161est stepeni tvrdo\u0107e.<\/p>\n<p>Mekana crna.<\/p>\n<p>EAN: 5907588405164<\/p>\n","protected":false},"excerpt":{"rendered":"<p>Spu\u017evasti jastu\u010di\u0107i koji se koriste za izravnavanje premaza i poliranje povr\u0161ina raznim pastama za poliranje. Uklanja prljav\u0161tinu i oksidiranu boju sa dubokih pukotina i ogrebotina, efikasno vra\u0107aju\u0107i prirodnu boju i sjaj obojenim povr\u0161inama. Dostupan u \u0161est stepeni tvrdo\u0107e. Mekana crna. EAN: 5907588405164<\/p>\n","protected":false},"featured_media":18888,"comment_status":"open","ping_status":"closed","template":"","meta":{"pagelayer_contact_templates":[],"_pagelayer_content":""},"product_brand":[],"product_cat":[58,157],"product_tag":[],"class_list":{"0":"post-17034","1":"product","2":"type-product","3":"status-publish","4":"has-post-thumbnail","6":"product_cat-polir-paste-spuzve","7":"product_cat-roba-na-akciji","9":"first","10":"instock","11":"sale","12":"shipping-taxable","13":"purchasable","14":"product-type-simple"},"_links":{"self":[{"href":"https:\/\/amd-bl.website\/index.php?rest_route=\/wp\/v2\/product\/17034","targetHints":{"allow":["GET"]}}],"collection":[{"href":"https:\/\/amd-bl.website\/index.php?rest_route=\/wp\/v2\/product"}],"about":[{"href":"https:\/\/amd-bl.website\/index.php?rest_route=\/wp\/v2\/types\/product"}],"replies":[{"embeddable":true,"href":"https:\/\/amd-bl.website\/index.php?rest_route=%2Fwp%2Fv2%2Fcomments&post=17034"}],"wp:featuredmedia":[{"embeddable":true,"href":"https:\/\/amd-bl.website\/index.php?rest_route=\/wp\/v2\/media\/18888"}],"wp:attachment":[{"href":"https:\/\/amd-bl.website\/index.php?rest_route=%2Fwp%2Fv2%2Fmedia&parent=17034"}],"wp:term":[{"taxonomy":"product_brand","embeddable":true,"href":"https:\/\/amd-bl.website\/index.php?rest_route=%2Fwp%2Fv2%2Fproduct_brand&post=17034"},{"taxonomy":"product_cat","embeddable":true,"href":"https:\/\/amd-bl.website\/index.php?rest_route=%2Fwp%2Fv2%2Fproduct_cat&post=17034"},{"taxonomy":"product_tag","embeddable":true,"href":"https:\/\/amd-bl.website\/index.php?rest_route=%2Fwp%2Fv2%2Fproduct_tag&post=17034"}],"curies":[{"name":"wp","href":"https:\/\/api.w.org\/{rel}","templated":true}]}}