{"id":17025,"date":"2023-09-10T19:36:49","date_gmt":"2023-09-10T19:36:49","guid":{"rendered":"https:\/\/amd-bl.website\/?product=proizvod-98"},"modified":"2024-12-30T19:23:46","modified_gmt":"2024-12-30T19:23:46","slug":"proizvod-98","status":"publish","type":"product","link":"https:\/\/amd-bl.website\/?product=proizvod-98","title":{"rendered":"18447 Nasadni klju\u010d 1\/2&#8221; 17mm"},"content":{"rendered":"<p>Standardne du\u017eine i pro\u0161irene PROLINE \u0161estougaone udarne nastavke dostupne su u \u0161irokom rasponu veli\u010dina.<br \/>\nSara\u0111uju sa pneumatskim ure\u0111ajima, posve\u0107enim radu u te\u0161kim uslovima i pod promenljivim optere\u0107enjima.<br \/>\nIzra\u0111eni su od izdr\u017eljivog hrom-molibden \u010delika (CrMo), zahvaljuju\u0107i \u010demu imaju pove\u0107anu izdr\u017eljivost i dvostruko ve\u0107u vla\u010dnu \u010dvrsto\u0107u. <\/p>\n<p>EAN: 5903755184474<\/p>\n","protected":false},"excerpt":{"rendered":"<p>Standardne du\u017eine i pro\u0161irene PROLINE \u0161estougaone udarne nastavke dostupne su u \u0161irokom rasponu veli\u010dina. Sara\u0111uju sa pneumatskim ure\u0111ajima, posve\u0107enim radu u te\u0161kim uslovima i pod promenljivim optere\u0107enjima. Izra\u0111eni su od izdr\u017eljivog hrom-molibden \u010delika (CrMo), zahvaljuju\u0107i \u010demu imaju pove\u0107anu izdr\u017eljivost i dvostruko ve\u0107u vla\u010dnu \u010dvrsto\u0107u. EAN: 5903755184474<\/p>\n","protected":false},"featured_media":18908,"comment_status":"open","ping_status":"closed","template":"","meta":{"pagelayer_contact_templates":[],"_pagelayer_content":""},"product_brand":[],"product_cat":[85],"product_tag":[],"class_list":{"0":"post-17025","1":"product","2":"type-product","3":"status-publish","4":"has-post-thumbnail","6":"product_cat-nasadni-kljucevi-dugi-6-uglova","8":"first","9":"instock","10":"shipping-taxable","11":"purchasable","12":"product-type-simple"},"_links":{"self":[{"href":"https:\/\/amd-bl.website\/index.php?rest_route=\/wp\/v2\/product\/17025","targetHints":{"allow":["GET"]}}],"collection":[{"href":"https:\/\/amd-bl.website\/index.php?rest_route=\/wp\/v2\/product"}],"about":[{"href":"https:\/\/amd-bl.website\/index.php?rest_route=\/wp\/v2\/types\/product"}],"replies":[{"embeddable":true,"href":"https:\/\/amd-bl.website\/index.php?rest_route=%2Fwp%2Fv2%2Fcomments&post=17025"}],"wp:featuredmedia":[{"embeddable":true,"href":"https:\/\/amd-bl.website\/index.php?rest_route=\/wp\/v2\/media\/18908"}],"wp:attachment":[{"href":"https:\/\/amd-bl.website\/index.php?rest_route=%2Fwp%2Fv2%2Fmedia&parent=17025"}],"wp:term":[{"taxonomy":"product_brand","embeddable":true,"href":"https:\/\/amd-bl.website\/index.php?rest_route=%2Fwp%2Fv2%2Fproduct_brand&post=17025"},{"taxonomy":"product_cat","embeddable":true,"href":"https:\/\/amd-bl.website\/index.php?rest_route=%2Fwp%2Fv2%2Fproduct_cat&post=17025"},{"taxonomy":"product_tag","embeddable":true,"href":"https:\/\/amd-bl.website\/index.php?rest_route=%2Fwp%2Fv2%2Fproduct_tag&post=17025"}],"curies":[{"name":"wp","href":"https:\/\/api.w.org\/{rel}","templated":true}]}}