{"id":17018,"date":"2023-09-10T19:36:39","date_gmt":"2023-09-10T19:36:39","guid":{"rendered":"https:\/\/amd-bl.website\/?product=proizvod-91"},"modified":"2024-12-30T18:36:22","modified_gmt":"2024-12-30T18:36:22","slug":"proizvod-91","status":"publish","type":"product","link":"https:\/\/amd-bl.website\/?product=proizvod-91","title":{"rendered":"12777 Celicna cetka za ciscenje pe\u0107i 175mm"},"content":{"rendered":"<p>\u010cista\u010d dimnjaka.<br \/>\nPrimjena: za \u010di\u0161\u0107enje, posebno dimnjaka.<br \/>\nIzra\u0111en od savitljive \u010deli\u010dne \u017eice pre\u010dnika 0,50 mm, iglica je napravljena od dve upletene \u017eice pre\u010dnika 3,5 mm, sa jedne strane je zavr\u0161ena navojem M12 na koji se mo\u017ee zategnuti \u0161ipka ili \u017eica za \u010di\u0161\u0107enje \u0161ipki, sa druge strane se zavr\u0161ava u\u0161icom sa rupom pre\u010dnika cca 7 mm.<\/p>\n","protected":false},"excerpt":{"rendered":"<p>\u010cista\u010d dimnjaka. Primjena: za \u010di\u0161\u0107enje, posebno dimnjaka. Izra\u0111en od savitljive \u010deli\u010dne \u017eice pre\u010dnika 0,50 mm, iglica je napravljena od dve upletene \u017eice pre\u010dnika 3,5 mm, sa jedne strane je zavr\u0161ena navojem M12 na koji se mo\u017ee zategnuti \u0161ipka ili \u017eica za \u010di\u0161\u0107enje \u0161ipki, sa druge strane se zavr\u0161ava u\u0161icom sa rupom pre\u010dnika cca 7 mm.<\/p>\n","protected":false},"featured_media":18892,"comment_status":"open","ping_status":"closed","template":"","meta":{"pagelayer_contact_templates":[],"_pagelayer_content":""},"product_brand":[],"product_cat":[102],"product_tag":[],"class_list":{"0":"post-17018","1":"product","2":"type-product","3":"status-publish","4":"has-post-thumbnail","6":"product_cat-razno","8":"first","9":"instock","10":"shipping-taxable","11":"purchasable","12":"product-type-simple"},"_links":{"self":[{"href":"https:\/\/amd-bl.website\/index.php?rest_route=\/wp\/v2\/product\/17018","targetHints":{"allow":["GET"]}}],"collection":[{"href":"https:\/\/amd-bl.website\/index.php?rest_route=\/wp\/v2\/product"}],"about":[{"href":"https:\/\/amd-bl.website\/index.php?rest_route=\/wp\/v2\/types\/product"}],"replies":[{"embeddable":true,"href":"https:\/\/amd-bl.website\/index.php?rest_route=%2Fwp%2Fv2%2Fcomments&post=17018"}],"wp:featuredmedia":[{"embeddable":true,"href":"https:\/\/amd-bl.website\/index.php?rest_route=\/wp\/v2\/media\/18892"}],"wp:attachment":[{"href":"https:\/\/amd-bl.website\/index.php?rest_route=%2Fwp%2Fv2%2Fmedia&parent=17018"}],"wp:term":[{"taxonomy":"product_brand","embeddable":true,"href":"https:\/\/amd-bl.website\/index.php?rest_route=%2Fwp%2Fv2%2Fproduct_brand&post=17018"},{"taxonomy":"product_cat","embeddable":true,"href":"https:\/\/amd-bl.website\/index.php?rest_route=%2Fwp%2Fv2%2Fproduct_cat&post=17018"},{"taxonomy":"product_tag","embeddable":true,"href":"https:\/\/amd-bl.website\/index.php?rest_route=%2Fwp%2Fv2%2Fproduct_tag&post=17018"}],"curies":[{"name":"wp","href":"https:\/\/api.w.org\/{rel}","templated":true}]}}