{"id":17015,"date":"2023-09-10T19:36:35","date_gmt":"2023-09-10T19:36:35","guid":{"rendered":"https:\/\/amd-bl.website\/?product=proizvod-88"},"modified":"2025-11-05T16:25:08","modified_gmt":"2025-11-05T16:25:08","slug":"proizvod-88","status":"publish","type":"product","link":"https:\/\/amd-bl.website\/?product=proizvod-88","title":{"rendered":"81704 SDS PLUS \u0161pic 17x250cm"},"content":{"rendered":"<p>Plosnato dlijeto, \u0161irine 40 mm i du\u017eine 250 mm, opremljeno SDS-Plus dr\u0161kom, namijenjeno za pri\u010dvr\u0161\u0107ivanje na sve vrste udarnih \u010deki\u0107a i bu\u0161ilica sa funkcijom klesanja sa SDS-Plus dr\u0161kom.<br \/>\nAlat omogu\u0107ava kovanje u betonu, kamenu, zidu i cigli.<\/p>\n","protected":false},"excerpt":{"rendered":"<p>Plosnato dlijeto, \u0161irine 40 mm i du\u017eine 250 mm, opremljeno SDS-Plus dr\u0161kom, namijenjeno za pri\u010dvr\u0161\u0107ivanje na sve vrste udarnih \u010deki\u0107a i bu\u0161ilica sa funkcijom klesanja sa SDS-Plus dr\u0161kom. Alat omogu\u0107ava kovanje u betonu, kamenu, zidu i cigli.<\/p>\n","protected":false},"featured_media":18922,"comment_status":"open","ping_status":"closed","template":"","meta":{"pagelayer_contact_templates":[],"_pagelayer_content":""},"product_brand":[],"product_cat":[157,101],"product_tag":[],"class_list":{"0":"post-17015","1":"product","2":"type-product","3":"status-publish","4":"has-post-thumbnail","6":"product_cat-roba-na-akciji","7":"product_cat-rotacione-cetke-i-rezne-ploce","9":"first","10":"instock","11":"sale","12":"shipping-taxable","13":"purchasable","14":"product-type-simple"},"_links":{"self":[{"href":"https:\/\/amd-bl.website\/index.php?rest_route=\/wp\/v2\/product\/17015","targetHints":{"allow":["GET"]}}],"collection":[{"href":"https:\/\/amd-bl.website\/index.php?rest_route=\/wp\/v2\/product"}],"about":[{"href":"https:\/\/amd-bl.website\/index.php?rest_route=\/wp\/v2\/types\/product"}],"replies":[{"embeddable":true,"href":"https:\/\/amd-bl.website\/index.php?rest_route=%2Fwp%2Fv2%2Fcomments&post=17015"}],"wp:featuredmedia":[{"embeddable":true,"href":"https:\/\/amd-bl.website\/index.php?rest_route=\/wp\/v2\/media\/18922"}],"wp:attachment":[{"href":"https:\/\/amd-bl.website\/index.php?rest_route=%2Fwp%2Fv2%2Fmedia&parent=17015"}],"wp:term":[{"taxonomy":"product_brand","embeddable":true,"href":"https:\/\/amd-bl.website\/index.php?rest_route=%2Fwp%2Fv2%2Fproduct_brand&post=17015"},{"taxonomy":"product_cat","embeddable":true,"href":"https:\/\/amd-bl.website\/index.php?rest_route=%2Fwp%2Fv2%2Fproduct_cat&post=17015"},{"taxonomy":"product_tag","embeddable":true,"href":"https:\/\/amd-bl.website\/index.php?rest_route=%2Fwp%2Fv2%2Fproduct_tag&post=17015"}],"curies":[{"name":"wp","href":"https:\/\/api.w.org\/{rel}","templated":true}]}}