{"id":16979,"date":"2023-09-10T19:36:07","date_gmt":"2023-09-10T19:36:07","guid":{"rendered":"https:\/\/amd-bl.website\/?product=proizvod-52"},"modified":"2024-12-30T19:27:22","modified_gmt":"2024-12-30T19:27:22","slug":"proizvod-52","status":"publish","type":"product","link":"https:\/\/amd-bl.website\/?product=proizvod-52","title":{"rendered":"18484 Adapter sa 3\/4&#8221; &#8211; 1\/2&#8221;"},"content":{"rendered":"<p>EAN: 5903755184849<br \/>\nOmogu\u0107ite redukciju \u010degrtaljki, uti\u010dnica i ostalih dodataka razli\u010ditih dimenzija.<\/p>\n","protected":false},"excerpt":{"rendered":"<p>EAN: 5903755184849 Omogu\u0107ite redukciju \u010degrtaljki, uti\u010dnica i ostalih dodataka razli\u010ditih dimenzija.<\/p>\n","protected":false},"featured_media":18911,"comment_status":"open","ping_status":"closed","template":"","meta":{"pagelayer_contact_templates":[],"_pagelayer_content":""},"product_brand":[],"product_cat":[107],"product_tag":[],"class_list":{"0":"post-16979","1":"product","2":"type-product","3":"status-publish","4":"has-post-thumbnail","6":"product_cat-2_nasadni-kljucevi-i-adapteri","8":"first","9":"instock","10":"shipping-taxable","11":"purchasable","12":"product-type-simple"},"_links":{"self":[{"href":"https:\/\/amd-bl.website\/index.php?rest_route=\/wp\/v2\/product\/16979","targetHints":{"allow":["GET"]}}],"collection":[{"href":"https:\/\/amd-bl.website\/index.php?rest_route=\/wp\/v2\/product"}],"about":[{"href":"https:\/\/amd-bl.website\/index.php?rest_route=\/wp\/v2\/types\/product"}],"replies":[{"embeddable":true,"href":"https:\/\/amd-bl.website\/index.php?rest_route=%2Fwp%2Fv2%2Fcomments&post=16979"}],"wp:featuredmedia":[{"embeddable":true,"href":"https:\/\/amd-bl.website\/index.php?rest_route=\/wp\/v2\/media\/18911"}],"wp:attachment":[{"href":"https:\/\/amd-bl.website\/index.php?rest_route=%2Fwp%2Fv2%2Fmedia&parent=16979"}],"wp:term":[{"taxonomy":"product_brand","embeddable":true,"href":"https:\/\/amd-bl.website\/index.php?rest_route=%2Fwp%2Fv2%2Fproduct_brand&post=16979"},{"taxonomy":"product_cat","embeddable":true,"href":"https:\/\/amd-bl.website\/index.php?rest_route=%2Fwp%2Fv2%2Fproduct_cat&post=16979"},{"taxonomy":"product_tag","embeddable":true,"href":"https:\/\/amd-bl.website\/index.php?rest_route=%2Fwp%2Fv2%2Fproduct_tag&post=16979"}],"curies":[{"name":"wp","href":"https:\/\/api.w.org\/{rel}","templated":true}]}}