{"id":16938,"date":"2023-09-10T19:35:35","date_gmt":"2023-09-10T19:35:35","guid":{"rendered":"https:\/\/amd-bl.website\/?product=proizvod-11"},"modified":"2025-11-07T15:25:22","modified_gmt":"2025-11-07T15:25:22","slug":"proizvod-11","status":"publish","type":"product","link":"https:\/\/amd-bl.website\/?product=proizvod-11","title":{"rendered":"4574 Pi\u0161tolj za napuhavanje guma sa LCD ekranom"},"content":{"rendered":"<p><strong>TEHNI\u010cKI PODACI<\/strong><\/p>\n<p>Raspon manometra: 0-12 bara<br \/>\nKalibracija: 0-170psi \/ 0-12bar \/ 0-1176Kpa<br \/>\nDu\u017eina crijeva: 100cm<br \/>\nManometar: Digitalno<br \/>\npozadinsko osvjetljenje: DA<br \/>\nKonektor: bakar<br \/>\nBrzi priklju\u010dak: 1\/4&#8221;<\/p>\n<p>&nbsp;<\/p>\n<p><strong>O PI\u0160TU ZA NADUVANJE<\/strong><\/p>\n<p><strong>Pi\u0161tolj sa elektronskim broja\u010dem<\/strong>\u00a0i savitljivim crevom sa naboranim vrhom za\u00a0<strong>naduvavanje to\u010dkova putni\u010dkih automobila i kamiona<\/strong>\u00a0. Pi\u0161tolj je opremljen sa 1\/4&#8221; navojnim ulazom za uvrtanje vrha u brzi konektor i manometrom sa udobnim gumenim poklopcem i ru\u010dkom.\u00a0<strong>Neophodan za kontrolu pritiska, naduvavanje i ispuhavanje guma.<\/strong><\/p>\n","protected":false},"excerpt":{"rendered":"<p>TEHNI\u010cKI PODACI Raspon manometra: 0-12 bara Kalibracija: 0-170psi \/ 0-12bar \/ 0-1176Kpa Du\u017eina crijeva: 100cm Manometar: Digitalno pozadinsko osvjetljenje: DA Konektor: bakar Brzi priklju\u010dak: 1\/4&#8221; &nbsp; O PI\u0160TU ZA NADUVANJE Pi\u0161tolj sa elektronskim broja\u010dem\u00a0i savitljivim crevom sa naboranim vrhom za\u00a0naduvavanje to\u010dkova putni\u010dkih automobila i kamiona\u00a0. Pi\u0161tolj je opremljen sa 1\/4&#8221; navojnim ulazom za uvrtanje vrha [&hellip;]<\/p>\n","protected":false},"featured_media":17915,"comment_status":"open","ping_status":"closed","template":"","meta":{"pagelayer_contact_templates":[],"_pagelayer_content":""},"product_brand":[],"product_cat":[157,170],"product_tag":[],"class_list":{"0":"post-16938","1":"product","2":"type-product","3":"status-publish","4":"has-post-thumbnail","6":"product_cat-roba-na-akciji","7":"product_cat-pneumatski-alati-i-oprema","9":"first","10":"instock","11":"sale","12":"shipping-taxable","13":"purchasable","14":"product-type-simple"},"_links":{"self":[{"href":"https:\/\/amd-bl.website\/index.php?rest_route=\/wp\/v2\/product\/16938","targetHints":{"allow":["GET"]}}],"collection":[{"href":"https:\/\/amd-bl.website\/index.php?rest_route=\/wp\/v2\/product"}],"about":[{"href":"https:\/\/amd-bl.website\/index.php?rest_route=\/wp\/v2\/types\/product"}],"replies":[{"embeddable":true,"href":"https:\/\/amd-bl.website\/index.php?rest_route=%2Fwp%2Fv2%2Fcomments&post=16938"}],"wp:featuredmedia":[{"embeddable":true,"href":"https:\/\/amd-bl.website\/index.php?rest_route=\/wp\/v2\/media\/17915"}],"wp:attachment":[{"href":"https:\/\/amd-bl.website\/index.php?rest_route=%2Fwp%2Fv2%2Fmedia&parent=16938"}],"wp:term":[{"taxonomy":"product_brand","embeddable":true,"href":"https:\/\/amd-bl.website\/index.php?rest_route=%2Fwp%2Fv2%2Fproduct_brand&post=16938"},{"taxonomy":"product_cat","embeddable":true,"href":"https:\/\/amd-bl.website\/index.php?rest_route=%2Fwp%2Fv2%2Fproduct_cat&post=16938"},{"taxonomy":"product_tag","embeddable":true,"href":"https:\/\/amd-bl.website\/index.php?rest_route=%2Fwp%2Fv2%2Fproduct_tag&post=16938"}],"curies":[{"name":"wp","href":"https:\/\/api.w.org\/{rel}","templated":true}]}}