{"id":16932,"date":"2023-09-10T19:35:30","date_gmt":"2023-09-10T19:35:30","guid":{"rendered":"https:\/\/amd-bl.website\/?product=proizvod-5"},"modified":"2026-03-23T12:40:36","modified_gmt":"2026-03-23T12:40:36","slug":"proizvod-5","status":"publish","type":"product","link":"https:\/\/amd-bl.website\/?product=proizvod-5","title":{"rendered":"51853 Set turpija 5 kom."},"content":{"rendered":"<pre><span dir=\"auto\">Ovaj set sadr\u017ei 5 \u010deli\u010dnih turpija razli\u010ditih profila, du\u017eine 310 mm.<\/span>\r\n\r\n<span dir=\"auto\">- 1 ravna kvadratna turpija<\/span>\r\n<span dir=\"auto\">- 1 kvadratna turpija<\/span>\r\n<span dir=\"auto\">- 1 poluokrugla zakrivljena turpija<\/span>\r\n<span dir=\"auto\">- 1 okrugla zakrivljena turpija<\/span>\r\n<span dir=\"auto\">- 1 paralelna kvadratna turpija<\/span><\/pre>\n","protected":false},"excerpt":{"rendered":"<pre><strong><span dir=\"auto\">EAN:<\/span><\/strong><span dir=\"auto\">\u00a08435034518535<\/span>\r\n\r\n<b><span dir=\"auto\">Komada<\/span><\/b><span dir=\"auto\">\u00a05<\/span>\r\n<b><span dir=\"auto\">Materijal<\/span><\/b><span dir=\"auto\">\u00a0T12<\/span>\r\n<b><span dir=\"auto\">Du\u017eina<\/span><\/b><span dir=\"auto\">\u00a08\" - 310mm<\/span>\r\n<b><span dir=\"auto\">Te\u017eina<\/span><\/b><span dir=\"auto\">\u00a00,90Kg<\/span><\/pre>\n","protected":false},"featured_media":19761,"comment_status":"closed","ping_status":"closed","template":"","meta":{"pagelayer_contact_templates":[],"_pagelayer_content":""},"product_brand":[178],"product_cat":[177,180,70],"product_tag":[],"class_list":{"0":"post-16932","1":"product","2":"type-product","3":"status-publish","4":"has-post-thumbnail","6":"product_brand-jbm-tools","7":"product_cat-2_jbm-tools","8":"product_cat-rucni-alat","9":"product_cat-zicane-cetke-i-diskovi","11":"first","12":"instock","13":"shipping-taxable","14":"product-type-simple"},"_links":{"self":[{"href":"https:\/\/amd-bl.website\/index.php?rest_route=\/wp\/v2\/product\/16932","targetHints":{"allow":["GET"]}}],"collection":[{"href":"https:\/\/amd-bl.website\/index.php?rest_route=\/wp\/v2\/product"}],"about":[{"href":"https:\/\/amd-bl.website\/index.php?rest_route=\/wp\/v2\/types\/product"}],"replies":[{"embeddable":true,"href":"https:\/\/amd-bl.website\/index.php?rest_route=%2Fwp%2Fv2%2Fcomments&post=16932"}],"wp:featuredmedia":[{"embeddable":true,"href":"https:\/\/amd-bl.website\/index.php?rest_route=\/wp\/v2\/media\/19761"}],"wp:attachment":[{"href":"https:\/\/amd-bl.website\/index.php?rest_route=%2Fwp%2Fv2%2Fmedia&parent=16932"}],"wp:term":[{"taxonomy":"product_brand","embeddable":true,"href":"https:\/\/amd-bl.website\/index.php?rest_route=%2Fwp%2Fv2%2Fproduct_brand&post=16932"},{"taxonomy":"product_cat","embeddable":true,"href":"https:\/\/amd-bl.website\/index.php?rest_route=%2Fwp%2Fv2%2Fproduct_cat&post=16932"},{"taxonomy":"product_tag","embeddable":true,"href":"https:\/\/amd-bl.website\/index.php?rest_route=%2Fwp%2Fv2%2Fproduct_tag&post=16932"}],"curies":[{"name":"wp","href":"https:\/\/api.w.org\/{rel}","templated":true}]}}