{"id":16767,"date":"2023-08-02T09:42:53","date_gmt":"2023-08-02T09:42:53","guid":{"rendered":"https:\/\/amd-bl.website\/?post_type=product&#038;p=16767"},"modified":"2025-11-11T13:13:49","modified_gmt":"2025-11-11T13:13:49","slug":"sgg20-klijesta-za-eksere-200mm","status":"publish","type":"product","link":"https:\/\/amd-bl.website\/?product=sgg20-klijesta-za-eksere-200mm","title":{"rendered":"SGG16 KLIJE\u0160TA ZA EKSERE 160mm"},"content":{"rendered":"<pre>- EAN13 Bar kod: 5907630105035\r\n\r\nDimenzije:\r\n- Du\u017eina: 160 mm\r\n- \u0160irina: 50 mm\r\n\r\nKarakteristike:\r\n- Od izdr\u017eljivog \u010delika\r\n- PVC oblo\u017eene ru\u010dke za bolje dr\u017eanje\r\n- Prakti\u010dan i kompaktan alat\r\n- Univerzalna upotreba kod ku\u0107e, gara\u017ee, radionice, farme, gradili\u0161ta i prilikom renoviranja\r\n\r\nParametri :\r\n- \u0160ifra proizvoda: SGG20\r\n- Marka proizvoda: SMART\r\n- Te\u017eina proizvoda: 0,344 kg\r\n- Jedinica mjere: kom\r\n\r\n<\/pre>\n","protected":false},"excerpt":{"rendered":"<p>&#8211; EAN13 Bar kod: 5907630105035 Dimenzije: &#8211; Du\u017eina: 160 mm &#8211; \u0160irina: 50 mm Karakteristike: &#8211; Od izdr\u017eljivog \u010delika &#8211; PVC oblo\u017eene ru\u010dke za bolje dr\u017eanje &#8211; Prakti\u010dan i kompaktan alat &#8211; Univerzalna upotreba kod ku\u0107e, gara\u017ee, radionice, farme, gradili\u0161ta i prilikom renoviranja Parametri : &#8211; \u0160ifra proizvoda: SGG20 &#8211; Marka proizvoda: SMART &#8211; Te\u017eina [&hellip;]<\/p>\n","protected":false},"featured_media":17351,"comment_status":"closed","ping_status":"closed","template":"","meta":{"pagelayer_contact_templates":[],"_pagelayer_content":""},"product_brand":[],"product_cat":[157,156],"product_tag":[],"class_list":{"0":"post-16767","1":"product","2":"type-product","3":"status-publish","4":"has-post-thumbnail","6":"product_cat-roba-na-akciji","7":"product_cat-klijesta-i-stege","9":"first","10":"instock","11":"sale","12":"shipping-taxable","13":"purchasable","14":"product-type-simple"},"_links":{"self":[{"href":"https:\/\/amd-bl.website\/index.php?rest_route=\/wp\/v2\/product\/16767","targetHints":{"allow":["GET"]}}],"collection":[{"href":"https:\/\/amd-bl.website\/index.php?rest_route=\/wp\/v2\/product"}],"about":[{"href":"https:\/\/amd-bl.website\/index.php?rest_route=\/wp\/v2\/types\/product"}],"replies":[{"embeddable":true,"href":"https:\/\/amd-bl.website\/index.php?rest_route=%2Fwp%2Fv2%2Fcomments&post=16767"}],"wp:featuredmedia":[{"embeddable":true,"href":"https:\/\/amd-bl.website\/index.php?rest_route=\/wp\/v2\/media\/17351"}],"wp:attachment":[{"href":"https:\/\/amd-bl.website\/index.php?rest_route=%2Fwp%2Fv2%2Fmedia&parent=16767"}],"wp:term":[{"taxonomy":"product_brand","embeddable":true,"href":"https:\/\/amd-bl.website\/index.php?rest_route=%2Fwp%2Fv2%2Fproduct_brand&post=16767"},{"taxonomy":"product_cat","embeddable":true,"href":"https:\/\/amd-bl.website\/index.php?rest_route=%2Fwp%2Fv2%2Fproduct_cat&post=16767"},{"taxonomy":"product_tag","embeddable":true,"href":"https:\/\/amd-bl.website\/index.php?rest_route=%2Fwp%2Fv2%2Fproduct_tag&post=16767"}],"curies":[{"name":"wp","href":"https:\/\/api.w.org\/{rel}","templated":true}]}}