{"id":16412,"date":"2023-04-05T19:46:11","date_gmt":"2023-04-05T19:46:11","guid":{"rendered":"https:\/\/amd-bl.website\/?post_type=product&#038;p=16412"},"modified":"2025-01-04T15:43:32","modified_gmt":"2025-01-04T15:43:32","slug":"53500-adapter-za-gas-12345yf","status":"publish","type":"product","link":"https:\/\/amd-bl.website\/?product=53500-adapter-za-gas-12345yf","title":{"rendered":"071023 ADAPTERI ZA GAS 12345YF"},"content":{"rendered":"<pre><span class=\"title\">SET CRVENI I PLAVI ADAPTER J369-R-1234YF\r\nEAN:<\/span>\u00a08435034535006\r\n\r\nR1234YF Adapter klima ure\u0111aja za brzo spajanje rashladnog sredstva.\r\nPlavo (niski tlak).\r\nDizajn za brzo spajanje ima ugra\u0111enu sigurnost.\r\n\u010cahura koja \u0161titi od ozljeda i gubitka rashladnog sredstva ako je spojnica odvojena pod pritiskom.\r\nNamjena: klimatizacija i hla\u0111enje.\r\n\r\nSpecifikacija:\r\nMaterijal: mesing i metal\r\nBoja: crvena, plava\r\nVeli\u010dina: visina 55 mm, promjer 30 mm\r\nTe\u017eina: 175 g<\/pre>\n<pre>Crveno (visoki tlak).\r\nDizajn za brzo spajanje ima ugra\u0111enu sigurnost.\r\n\u010cahura koja \u0161titi od ozljeda i gubitka rashladnog sredstva ako je spojnica odvojena pod pritiskom.\r\nNamjena: klimatizacija i hla\u0111enje.\r\n\r\nMaterijal: mesing i metal\r\nBoja: crvena, plava\r\nVeli\u010dina: visina 55 mm, promjer 30 mm\r\nTe\u017eina: 194 g<\/pre>\n","protected":false},"excerpt":{"rendered":"<p>SET CRVENI I PLAVI ADAPTER J369-R-1234YF EAN:\u00a08435034535006 R1234YF Adapter klima ure\u0111aja za brzo spajanje rashladnog sredstva. Plavo (niski tlak). Dizajn za brzo spajanje ima ugra\u0111enu sigurnost. \u010cahura koja \u0161titi od ozljeda i gubitka rashladnog sredstva ako je spojnica odvojena pod pritiskom. Namjena: klimatizacija i hla\u0111enje. Specifikacija: Materijal: mesing i metal Boja: crvena, plava Veli\u010dina: visina [&hellip;]<\/p>\n","protected":false},"featured_media":17999,"comment_status":"closed","ping_status":"closed","template":"","meta":{"pagelayer_contact_templates":[],"_pagelayer_content":""},"product_brand":[],"product_cat":[72],"product_tag":[],"class_list":{"0":"post-16412","1":"product","2":"type-product","3":"status-publish","4":"has-post-thumbnail","6":"product_cat-potrosni-materijali-i-oprema-za-radionice","8":"first","9":"instock","10":"shipping-taxable","11":"purchasable","12":"product-type-simple"},"_links":{"self":[{"href":"https:\/\/amd-bl.website\/index.php?rest_route=\/wp\/v2\/product\/16412","targetHints":{"allow":["GET"]}}],"collection":[{"href":"https:\/\/amd-bl.website\/index.php?rest_route=\/wp\/v2\/product"}],"about":[{"href":"https:\/\/amd-bl.website\/index.php?rest_route=\/wp\/v2\/types\/product"}],"replies":[{"embeddable":true,"href":"https:\/\/amd-bl.website\/index.php?rest_route=%2Fwp%2Fv2%2Fcomments&post=16412"}],"wp:featuredmedia":[{"embeddable":true,"href":"https:\/\/amd-bl.website\/index.php?rest_route=\/wp\/v2\/media\/17999"}],"wp:attachment":[{"href":"https:\/\/amd-bl.website\/index.php?rest_route=%2Fwp%2Fv2%2Fmedia&parent=16412"}],"wp:term":[{"taxonomy":"product_brand","embeddable":true,"href":"https:\/\/amd-bl.website\/index.php?rest_route=%2Fwp%2Fv2%2Fproduct_brand&post=16412"},{"taxonomy":"product_cat","embeddable":true,"href":"https:\/\/amd-bl.website\/index.php?rest_route=%2Fwp%2Fv2%2Fproduct_cat&post=16412"},{"taxonomy":"product_tag","embeddable":true,"href":"https:\/\/amd-bl.website\/index.php?rest_route=%2Fwp%2Fv2%2Fproduct_tag&post=16412"}],"curies":[{"name":"wp","href":"https:\/\/api.w.org\/{rel}","templated":true}]}}