{"id":16318,"date":"2023-02-04T21:05:17","date_gmt":"2023-02-04T21:05:17","guid":{"rendered":"https:\/\/amd-bl.website\/?post_type=product&#038;p=16318"},"modified":"2024-08-17T10:26:37","modified_gmt":"2024-08-17T10:26:37","slug":"dck2059d2t-aku-set-odvrtac-busilicapunjac-x2-baterije","status":"publish","type":"product","link":"https:\/\/amd-bl.website\/?product=dck2059d2t-aku-set-odvrtac-busilicapunjac-x2-baterije","title":{"rendered":"DCK2059D2T  AKU SET ODVRTA\u010c-BU\u0160ILICA+PUNJA\u010c x2 BATERIJE"},"content":{"rendered":"","protected":false},"excerpt":{"rendered":"","protected":false},"featured_media":16320,"comment_status":"closed","ping_status":"closed","template":"","meta":{"pagelayer_contact_templates":[],"_pagelayer_content":""},"product_brand":[],"product_cat":[133,134],"product_tag":[],"class_list":{"0":"post-16318","1":"product","2":"type-product","3":"status-publish","4":"has-post-thumbnail","6":"product_cat-dewalt","7":"product_cat-dewalt-dewalt","9":"first","10":"instock","11":"shipping-taxable","12":"purchasable","13":"product-type-simple"},"_links":{"self":[{"href":"https:\/\/amd-bl.website\/index.php?rest_route=\/wp\/v2\/product\/16318","targetHints":{"allow":["GET"]}}],"collection":[{"href":"https:\/\/amd-bl.website\/index.php?rest_route=\/wp\/v2\/product"}],"about":[{"href":"https:\/\/amd-bl.website\/index.php?rest_route=\/wp\/v2\/types\/product"}],"replies":[{"embeddable":true,"href":"https:\/\/amd-bl.website\/index.php?rest_route=%2Fwp%2Fv2%2Fcomments&post=16318"}],"wp:featuredmedia":[{"embeddable":true,"href":"https:\/\/amd-bl.website\/index.php?rest_route=\/wp\/v2\/media\/16320"}],"wp:attachment":[{"href":"https:\/\/amd-bl.website\/index.php?rest_route=%2Fwp%2Fv2%2Fmedia&parent=16318"}],"wp:term":[{"taxonomy":"product_brand","embeddable":true,"href":"https:\/\/amd-bl.website\/index.php?rest_route=%2Fwp%2Fv2%2Fproduct_brand&post=16318"},{"taxonomy":"product_cat","embeddable":true,"href":"https:\/\/amd-bl.website\/index.php?rest_route=%2Fwp%2Fv2%2Fproduct_cat&post=16318"},{"taxonomy":"product_tag","embeddable":true,"href":"https:\/\/amd-bl.website\/index.php?rest_route=%2Fwp%2Fv2%2Fproduct_tag&post=16318"}],"curies":[{"name":"wp","href":"https:\/\/api.w.org\/{rel}","templated":true}]}}