{"id":16284,"date":"2023-02-03T11:24:27","date_gmt":"2023-02-03T11:24:27","guid":{"rendered":"https:\/\/amd-bl.website\/?post_type=product&#038;p=16284"},"modified":"2023-02-03T11:28:23","modified_gmt":"2023-02-03T11:28:23","slug":"dcd795d2-aku-xr-udarna-busilica-odvijac-18v-2x2ah-baterijepunjackofer","status":"publish","type":"product","link":"https:\/\/amd-bl.website\/?product=dcd795d2-aku-xr-udarna-busilica-odvijac-18v-2x2ah-baterijepunjackofer","title":{"rendered":"DCD795D2 AKU udarna bu\u0161ilica 18V+ 2 baterije+punja\u010d"},"content":{"rendered":"<table>\n<tbody>\n<tr>\n<td><b>Proizvo\u0111a\u010d<\/b><\/td>\n<td>DeWalt<\/td>\n<\/tr>\n<tr>\n<td><b>Napon<\/b><\/td>\n<td>18 V 2,0 Ah<\/td>\n<\/tr>\n<tr>\n<td><b>Radna snaga<\/b><\/td>\n<td>360 W<\/td>\n<\/tr>\n<tr>\n<td><b>Najve\u0107i obrtni moment<\/b><\/td>\n<td>60 Nm<\/td>\n<\/tr>\n<tr>\n<td><b>Broj obrtaja<\/b><\/td>\n<td>0-600\/2000 okr\/min<\/td>\n<\/tr>\n<tr>\n<td><b>Broj udaraca<\/b><\/td>\n<td>0-3400\/10200 udr\/min<\/td>\n<\/tr>\n<tr>\n<td><b>Bu\u0161enje (drvo\/\u010delik)<\/b><\/td>\n<td>38\/13 mm<\/td>\n<\/tr>\n<tr>\n<td><b>Oprema<\/b><\/td>\n<td>2 x 2.0Ah Li-Ion baterije, punja\u010d, kop\u010da za pojas, kofer.<\/td>\n<\/tr>\n<\/tbody>\n<\/table>\n","protected":false},"excerpt":{"rendered":"<p>Proizvo\u0111a\u010d DeWalt Napon 18 V 2,0 Ah Radna snaga 360 W Najve\u0107i obrtni moment 60 Nm Broj obrtaja 0-600\/2000 okr\/min Broj udaraca 0-3400\/10200 udr\/min Bu\u0161enje (drvo\/\u010delik) 38\/13 mm Oprema 2 x 2.0Ah Li-Ion baterije, punja\u010d, kop\u010da za pojas, kofer.<\/p>\n","protected":false},"featured_media":16285,"comment_status":"closed","ping_status":"closed","template":"","meta":{"pagelayer_contact_templates":[],"_pagelayer_content":""},"product_brand":[],"product_cat":[133,134],"product_tag":[],"class_list":{"0":"post-16284","1":"product","2":"type-product","3":"status-publish","4":"has-post-thumbnail","6":"product_cat-dewalt","7":"product_cat-dewalt-dewalt","9":"first","10":"instock","11":"shipping-taxable","12":"purchasable","13":"product-type-simple"},"_links":{"self":[{"href":"https:\/\/amd-bl.website\/index.php?rest_route=\/wp\/v2\/product\/16284","targetHints":{"allow":["GET"]}}],"collection":[{"href":"https:\/\/amd-bl.website\/index.php?rest_route=\/wp\/v2\/product"}],"about":[{"href":"https:\/\/amd-bl.website\/index.php?rest_route=\/wp\/v2\/types\/product"}],"replies":[{"embeddable":true,"href":"https:\/\/amd-bl.website\/index.php?rest_route=%2Fwp%2Fv2%2Fcomments&post=16284"}],"wp:featuredmedia":[{"embeddable":true,"href":"https:\/\/amd-bl.website\/index.php?rest_route=\/wp\/v2\/media\/16285"}],"wp:attachment":[{"href":"https:\/\/amd-bl.website\/index.php?rest_route=%2Fwp%2Fv2%2Fmedia&parent=16284"}],"wp:term":[{"taxonomy":"product_brand","embeddable":true,"href":"https:\/\/amd-bl.website\/index.php?rest_route=%2Fwp%2Fv2%2Fproduct_brand&post=16284"},{"taxonomy":"product_cat","embeddable":true,"href":"https:\/\/amd-bl.website\/index.php?rest_route=%2Fwp%2Fv2%2Fproduct_cat&post=16284"},{"taxonomy":"product_tag","embeddable":true,"href":"https:\/\/amd-bl.website\/index.php?rest_route=%2Fwp%2Fv2%2Fproduct_tag&post=16284"}],"curies":[{"name":"wp","href":"https:\/\/api.w.org\/{rel}","templated":true}]}}