{"id":13827,"date":"2022-03-26T14:43:39","date_gmt":"2022-03-26T14:43:39","guid":{"rendered":"https:\/\/amd-bl.website\/?post_type=product&#038;p=13827"},"modified":"2025-11-11T11:38:37","modified_gmt":"2025-11-11T11:38:37","slug":"fpp2-maske-za-prasinu-ffp2-1-ventil-mppz-donald","status":"publish","type":"product","link":"https:\/\/amd-bl.website\/?product=fpp2-maske-za-prasinu-ffp2-1-ventil-mppz-donald","title":{"rendered":"FPP2 Maske za pra\u0161inu FFP2 1-ventil mppz DONALD"},"content":{"rendered":"<p>FFP2 maske za pra\u0161inu sa 1 ventilom<br \/>\nOpis:<br \/>\nFFP2 maske za pra\u0161inu sa 1 ventilom kompanije XL-TOOLS pru\u017eaju efikasnu za\u0161titu od raznih vrsta pra\u0161ine, kao \u0161to su ugljena pra\u0161ina sa slobodnim silicijumom iznad 10%, azbestna pra\u0161ina, pra\u0161ina te\u0161kih metala (bakar, barijum, titan, vanadijum, hrom, mangan) , izduvnih gasova dizel motora, kao i plijesni i gljivica. Zahvaljuju\u0107i ugra\u0111enom ventilu disanje je znatno lak\u0161e, \u0161to pove\u0107ava udobnost upotrebe u te\u0161kim radnim uslovima. Pakovanje sadr\u017ei 15 komada maski, \u0161to je idealno re\u0161enje za zaposlene i kompanije kojima je potrebna redovna za\u0161tita. Maska ima sertifikat koji garantuje njenu efikasnost i pouzdanost.<\/p>\n<p>Dimenzije:<br \/>\nNema informacija o dimenzijama proizvoda.<\/p>\n<p>Karakteristike:<br \/>\n&#8211; FFP2 maske za pra\u0161inu sa ugra\u0111enim 1 ventilom za bolje disanje.<br \/>\n&#8211; Pakovanje sadr\u017ei 15 komada maski, \u0161to je pogodno za kolektivne korisnike.<br \/>\n&#8211; Posjeduju sertifikat koji potvr\u0111uje djelotvornost za\u0161tite.<br \/>\n&#8211; \u0160titi od raznih \u0161tetnih pra\u0161ine i supstanci.<\/p>\n<p>Parametri:<br \/>\n&#8211; \u0160ifra proizvoda: FPP2<br \/>\n&#8211; Marka: XL-TOOLS<br \/>\n&#8211; Proizvo\u0111a\u010d: XL-TOOLS Poljska<br \/>\n&#8211; Te\u017eina: 0,013 kg<br \/>\n&#8211; Jedinica mjere: kom<br \/>\n&#8211; EAN13 Bar kod: 5907630124005<\/p>\n<p>Primjena:<br \/>\nFFP2 maske za pra\u0161inu od XL-TOOLS su idealne za upotrebu u okru\u017eenja u kojima postoji rizik od izlaganja \u0161tetnoj pra\u0161ini i supstancama. Posebno su korisni u industrijama kao \u0161to su gra\u0111evinarstvo, rudarstvo i proizvodnja, gdje ugljena pra\u0161ina, azbest i drugi te\u0161ki metali mogu predstavljati prijetnju zdravlju zaposlenih. Zahvaljuju\u0107i svom dizajnu i ugra\u0111enom ventilu, osiguravaju udobnu upotrebu tokom du\u017eeg vremena, istovremeno \u0161tite\u0107i od udisanja opasnih \u010destica.<\/p>\n","protected":false},"excerpt":{"rendered":"<p>FFP2 maske za pra\u0161inu sa 1 ventilom Opis: FFP2 maske za pra\u0161inu sa 1 ventilom kompanije XL-TOOLS pru\u017eaju efikasnu za\u0161titu od raznih vrsta pra\u0161ine, kao \u0161to su ugljena pra\u0161ina sa slobodnim silicijumom iznad 10%, azbestna pra\u0161ina, pra\u0161ina te\u0161kih metala (bakar, barijum, titan, vanadijum, hrom, mangan) , izduvnih gasova dizel motora, kao i plijesni i gljivica. [&hellip;]<\/p>\n","protected":false},"featured_media":18880,"comment_status":"closed","ping_status":"closed","template":"","meta":{"pagelayer_contact_templates":[],"_pagelayer_content":""},"product_brand":[],"product_cat":[157,69],"product_tag":[],"class_list":{"0":"post-13827","1":"product","2":"type-product","3":"status-publish","4":"has-post-thumbnail","6":"product_cat-roba-na-akciji","7":"product_cat-htz-oprema-i-ostalo","9":"first","10":"instock","11":"sale","12":"shipping-taxable","13":"purchasable","14":"product-type-simple"},"_links":{"self":[{"href":"https:\/\/amd-bl.website\/index.php?rest_route=\/wp\/v2\/product\/13827","targetHints":{"allow":["GET"]}}],"collection":[{"href":"https:\/\/amd-bl.website\/index.php?rest_route=\/wp\/v2\/product"}],"about":[{"href":"https:\/\/amd-bl.website\/index.php?rest_route=\/wp\/v2\/types\/product"}],"replies":[{"embeddable":true,"href":"https:\/\/amd-bl.website\/index.php?rest_route=%2Fwp%2Fv2%2Fcomments&post=13827"}],"wp:featuredmedia":[{"embeddable":true,"href":"https:\/\/amd-bl.website\/index.php?rest_route=\/wp\/v2\/media\/18880"}],"wp:attachment":[{"href":"https:\/\/amd-bl.website\/index.php?rest_route=%2Fwp%2Fv2%2Fmedia&parent=13827"}],"wp:term":[{"taxonomy":"product_brand","embeddable":true,"href":"https:\/\/amd-bl.website\/index.php?rest_route=%2Fwp%2Fv2%2Fproduct_brand&post=13827"},{"taxonomy":"product_cat","embeddable":true,"href":"https:\/\/amd-bl.website\/index.php?rest_route=%2Fwp%2Fv2%2Fproduct_cat&post=13827"},{"taxonomy":"product_tag","embeddable":true,"href":"https:\/\/amd-bl.website\/index.php?rest_route=%2Fwp%2Fv2%2Fproduct_tag&post=13827"}],"curies":[{"name":"wp","href":"https:\/\/api.w.org\/{rel}","templated":true}]}}