{"id":13229,"date":"2022-01-30T20:21:01","date_gmt":"2022-01-30T20:21:01","guid":{"rendered":"https:\/\/amd-bl.website\/?post_type=product&#038;p=13229"},"modified":"2026-04-30T12:50:01","modified_gmt":"2026-04-30T12:50:01","slug":"13813-sajla-za-skidanje-vjetrobranskog-stakla","status":"publish","type":"product","link":"https:\/\/amd-bl.website\/?product=13813-sajla-za-skidanje-vjetrobranskog-stakla","title":{"rendered":"13813 SAJLA ZA SKIDANJE VJETROBRANSKOG STAKLA"},"content":{"rendered":"<pre><span dir=\"auto\">EAN:8435034138139\r\n\r\nSAJLA ZA SKIDANJE \u0160AJBE\r\nSajla se koristi zajedno sa ru\u010dkama za skidanje vjetrobranskog stakla (REF.13814).<\/span>\r\n\r\n<span dir=\"auto\">Du\u017eina: 22m<\/span>\r\n<span dir=\"auto\">Pre\u010dnik: \u00d8 0,6mm<\/span>\r\n<span dir=\"auto\">Materijal: Ner\u0111aju\u0107i \u010delik<\/span><\/pre>\n","protected":false},"excerpt":{"rendered":"<pre><b><span dir=\"auto\"><strong>EAN:<\/strong>\u00a08435034138139<\/span><\/b>\r\n\r\n<b><span dir=\"auto\">Pre\u010dnik<\/span><\/b><span dir=\"auto\">\u00a00,6 mm<\/span>\r\n<b><span dir=\"auto\">Du\u017eina<\/span><\/b><span dir=\"auto\">\u00a022 m<\/span>\r\n<b><span dir=\"auto\">Materijal<\/span><\/b><span dir=\"auto\">\u00a0Acero Nehr\u0111aju\u0107i \u010delik\/Nehr\u0111aju\u0107i \u010delik<\/span>\r\n<b><span dir=\"auto\">Te\u017eina<\/span><\/b><span dir=\"auto\">\u00a00,10 kg<\/span>\r\n<b><span dir=\"auto\">Dimenzije (Dx\u0160xV)<\/span><\/b><span dir=\"auto\">\u00a0182x120x140 mm<\/span><\/pre>\n","protected":false},"featured_media":13230,"comment_status":"closed","ping_status":"closed","template":"","meta":{"pagelayer_contact_templates":[],"_pagelayer_content":""},"product_brand":[178],"product_cat":[177,72],"product_tag":[],"class_list":{"0":"post-13229","1":"product","2":"type-product","3":"status-publish","4":"has-post-thumbnail","6":"product_brand-jbm-tools","7":"product_cat-2_jbm-tools","8":"product_cat-potrosni-materijali-i-oprema-za-radionice","10":"first","11":"instock","12":"shipping-taxable","13":"purchasable","14":"product-type-simple"},"_links":{"self":[{"href":"https:\/\/amd-bl.website\/index.php?rest_route=\/wp\/v2\/product\/13229","targetHints":{"allow":["GET"]}}],"collection":[{"href":"https:\/\/amd-bl.website\/index.php?rest_route=\/wp\/v2\/product"}],"about":[{"href":"https:\/\/amd-bl.website\/index.php?rest_route=\/wp\/v2\/types\/product"}],"replies":[{"embeddable":true,"href":"https:\/\/amd-bl.website\/index.php?rest_route=%2Fwp%2Fv2%2Fcomments&post=13229"}],"wp:featuredmedia":[{"embeddable":true,"href":"https:\/\/amd-bl.website\/index.php?rest_route=\/wp\/v2\/media\/13230"}],"wp:attachment":[{"href":"https:\/\/amd-bl.website\/index.php?rest_route=%2Fwp%2Fv2%2Fmedia&parent=13229"}],"wp:term":[{"taxonomy":"product_brand","embeddable":true,"href":"https:\/\/amd-bl.website\/index.php?rest_route=%2Fwp%2Fv2%2Fproduct_brand&post=13229"},{"taxonomy":"product_cat","embeddable":true,"href":"https:\/\/amd-bl.website\/index.php?rest_route=%2Fwp%2Fv2%2Fproduct_cat&post=13229"},{"taxonomy":"product_tag","embeddable":true,"href":"https:\/\/amd-bl.website\/index.php?rest_route=%2Fwp%2Fv2%2Fproduct_tag&post=13229"}],"curies":[{"name":"wp","href":"https:\/\/api.w.org\/{rel}","templated":true}]}}