{"id":13215,"date":"2022-01-30T20:09:37","date_gmt":"2022-01-30T20:09:37","guid":{"rendered":"https:\/\/amd-bl.website\/?post_type=product&#038;p=13215"},"modified":"2026-03-16T16:22:45","modified_gmt":"2026-03-16T16:22:45","slug":"53859-kuciste-za-bimetalne-pile-sa-adapterima","status":"publish","type":"product","link":"https:\/\/amd-bl.website\/?product=53859-kuciste-za-bimetalne-pile-sa-adapterima","title":{"rendered":"53859 Bimetalne pile sa adapterima (za rezanje metala)"},"content":{"rendered":"<pre><span dir=\"auto\">Prijenosni kofer s pilama za rupe i njihovim adapterima.<\/span>\r\n<span dir=\"auto\">MATERIJAL:<\/span>\r\n<span dir=\"auto\">- Zubi: Bimetal HSS M42, 4-6 TPI.<\/span>\r\n<span dir=\"auto\">- Tijelo: Uglji\u010dni \u010delik.<\/span>\r\n<span dir=\"auto\">- Trn: Bimetal HSS.\r\n<\/span>\r\n<span dir=\"auto\">PRIMJENA: Za rezanje metala i nehr\u0111aju\u0107eg \u010delika.<\/span>\r\n\r\n<span dir=\"auto\">UKLJU\u010cUJE x6 PILERA ZA RUPE I x2 ADAPTERA:<\/span>\r\n<span dir=\"auto\">\u00b7 14901 - BI-METAL PILA ZA RUPE 22 mm.<\/span>\r\n<span dir=\"auto\">\u00b7 14902 - BI-METAL PILA ZA RUPE 29 mm.<\/span>\r\n<span dir=\"auto\">\u00b7 14903 - BI-METAL PILA ZA RUPE 35 mm.<\/span>\r\n<span dir=\"auto\">\u00b7 14904 - BI-METAL PILA ZA RUPE 44 mm.<\/span>\r\n<span dir=\"auto\">\u00b7 14905 - BI-METAL PILA ZA RUPE 51 mm.<\/span>\r\n<span dir=\"auto\">\u00b7 14906 - BI-METAL PILA ZA RUPE 68 mm.<\/span>\r\n<span dir=\"auto\">\u00b7 14934 - TRNJENJE ZA PILE ZA RUPE SA BU\u0160ILOM 14-30 mm.<\/span>\r\n<span dir=\"auto\">\u00b7 14935 - TRUBLJE ZA RUPE SA BU\u0160ILOM 32-152 mm.<\/span><\/pre>\n","protected":false},"excerpt":{"rendered":"<pre><strong><span dir=\"auto\">EAN:<\/span><\/strong><span dir=\"auto\">\u00a08435034538595<\/span>\r\n\r\n<b><span dir=\"auto\">Komadi<\/span><\/b><span dir=\"auto\">\u00a09<\/span>\r\n<b><span dir=\"auto\">Pre\u010dnik<\/span><\/b><span dir=\"auto\">\u00a022, 29, 35, 44, 51, 68 mm<\/span><\/pre>\n","protected":false},"featured_media":13216,"comment_status":"closed","ping_status":"closed","template":"","meta":{"pagelayer_contact_templates":[],"_pagelayer_content":""},"product_brand":[178],"product_cat":[177],"product_tag":[],"class_list":{"0":"post-13215","1":"product","2":"type-product","3":"status-publish","4":"has-post-thumbnail","6":"product_brand-jbm-tools","7":"product_cat-2_jbm-tools","9":"first","10":"instock","11":"shipping-taxable","12":"product-type-simple"},"_links":{"self":[{"href":"https:\/\/amd-bl.website\/index.php?rest_route=\/wp\/v2\/product\/13215","targetHints":{"allow":["GET"]}}],"collection":[{"href":"https:\/\/amd-bl.website\/index.php?rest_route=\/wp\/v2\/product"}],"about":[{"href":"https:\/\/amd-bl.website\/index.php?rest_route=\/wp\/v2\/types\/product"}],"replies":[{"embeddable":true,"href":"https:\/\/amd-bl.website\/index.php?rest_route=%2Fwp%2Fv2%2Fcomments&post=13215"}],"wp:featuredmedia":[{"embeddable":true,"href":"https:\/\/amd-bl.website\/index.php?rest_route=\/wp\/v2\/media\/13216"}],"wp:attachment":[{"href":"https:\/\/amd-bl.website\/index.php?rest_route=%2Fwp%2Fv2%2Fmedia&parent=13215"}],"wp:term":[{"taxonomy":"product_brand","embeddable":true,"href":"https:\/\/amd-bl.website\/index.php?rest_route=%2Fwp%2Fv2%2Fproduct_brand&post=13215"},{"taxonomy":"product_cat","embeddable":true,"href":"https:\/\/amd-bl.website\/index.php?rest_route=%2Fwp%2Fv2%2Fproduct_cat&post=13215"},{"taxonomy":"product_tag","embeddable":true,"href":"https:\/\/amd-bl.website\/index.php?rest_route=%2Fwp%2Fv2%2Fproduct_tag&post=13215"}],"curies":[{"name":"wp","href":"https:\/\/api.w.org\/{rel}","templated":true}]}}